{"id":977,"date":"2020-12-06T08:35:53","date_gmt":"2020-12-06T08:35:53","guid":{"rendered":"https:\/\/mb-stoeckl.de\/about-us\/career\/"},"modified":"2020-12-06T08:35:58","modified_gmt":"2020-12-06T08:35:58","slug":"career","status":"publish","type":"page","link":"https:\/\/mb-stoeckl.de\/en\/about-us\/career\/","title":{"rendered":"Career"},"content":{"rendered":"<div id='full_slider_1'  class='avia-fullwidth-slider main_color avia-shadow   avia-builder-el-0  el_before_av_textblock  avia-builder-el-first   container_wrap sidebar_right'  ><div  class='avia-slideshow av-kcqlpqbf-6d567bb684bfd89aeaba6f16f8b9ca5a avia-slideshow-featured av_slideshow_full avia-slide-slider av-slideshow-ui av-control-default av-slideshow-manual av-loop-once av-loop-manual-endless av-default-height-applied   avia-slideshow-1' data-slideshow-options=\"{&quot;animation&quot;:&quot;slide&quot;,&quot;autoplay&quot;:false,&quot;loop_autoplay&quot;:&quot;once&quot;,&quot;interval&quot;:5,&quot;loop_manual&quot;:&quot;manual-endless&quot;,&quot;autoplay_stopper&quot;:false,&quot;noNavigation&quot;:false,&quot;bg_slider&quot;:false,&quot;keep_padding&quot;:false,&quot;hoverpause&quot;:false,&quot;show_slide_delay&quot;:0}\"  itemprop=\"image\" itemscope=\"itemscope\" itemtype=\"https:\/\/schema.org\/ImageObject\" ><ul class='avia-slideshow-inner ' style='padding-bottom: 28.666666666667%;'><li  class='avia-slideshow-slide av-kcqlpqbf-6d567bb684bfd89aeaba6f16f8b9ca5a__0  av-single-slide slide-1 slide-odd'><div data-rel='slideshow-1' class='avia-slide-wrap '   ><img decoding=\"async\" fetchpriority=\"high\" class=\"wp-image-1087 avia-img-lazy-loading-not-1087\"  src=\"https:\/\/mb-stoeckl.de\/wp-content\/uploads\/2020\/07\/2020_05_25_Stoeckl_Bilder_049-1500x430.jpg\" width=\"1500\" height=\"430\" title='2020_05_25_Stoeckl_Bilder_049' alt=''  itemprop=\"thumbnailUrl\"   \/><\/div><\/li><\/ul><\/div><\/div><div id='after_full_slider_1'  class='main_color av_default_container_wrap container_wrap sidebar_right'  ><div class='container av-section-cont-open' ><div class='template-page content  av-content-small alpha units'><div class='post-entry post-entry-type-page post-entry-977'><div class='entry-content-wrapper clearfix'>\n<section  class='av_textblock_section av-kcqlsvrt-8d31693474c27190e7a954e26a9f7698 '   itemscope=\"itemscope\" itemtype=\"https:\/\/schema.org\/CreativeWork\" ><div class='avia_textblock'  itemprop=\"text\" ><h1>Career<\/h1>\n<p>St\u00f6ckl Maschinen und Ger\u00e4tebau GmbH offers you optimal conditions and first-class development prospects for the start of your professional future.<\/p>\n<p>Currently we are searching:<\/p>\n<p><img loading=\"lazy\" decoding=\"async\" class=\"alignnone size-full wp-image-259\" src=\"https:\/\/mbstoeckl.19i.eu\/wp-content\/uploads\/2020\/07\/121165950.jpg\" alt=\"\" width=\"540\" height=\"472\" srcset=\"https:\/\/mb-stoeckl.de\/wp-content\/uploads\/2020\/07\/121165950.jpg 540w, https:\/\/mb-stoeckl.de\/wp-content\/uploads\/2020\/07\/121165950-300x262.jpg 300w\" sizes=\"(max-width: 540px) 100vw, 540px\" \/><\/p>\n<p>We look forward to receiving your application!<\/p>\n<\/div><\/section>\n","protected":false},"excerpt":{"rendered":"","protected":false},"author":1,"featured_media":0,"parent":704,"menu_order":0,"comment_status":"closed","ping_status":"closed","template":"","meta":{"footnotes":""},"class_list":["post-977","page","type-page","status-publish","hentry"],"yoast_head":"<!-- This site is optimized with the Yoast SEO plugin v23.2 - https:\/\/yoast.com\/wordpress\/plugins\/seo\/ -->\n<title>Career - St\u00f6ckl Maschinen und Ger\u00e4tebau GmbH<\/title>\n<meta name=\"description\" content=\"St\u00f6ckl \u2013 Maschinen- und Ger\u00e4tebau GmbH ist ihr qualifizierter Spezialist f\u00fcr kundenspezifische Fertigung von Schwei\u00dfbaugruppen, Montagebaugruppen, Blechbearbeitung, Komplexen Metallkonstruktionen, Ger\u00e4tebau und Fahrzeugbau.\" \/>\n<meta name=\"robots\" content=\"index, follow, max-snippet:-1, max-image-preview:large, max-video-preview:-1\" \/>\n<link rel=\"canonical\" href=\"https:\/\/mb-stoeckl.de\/en\/about-us\/career\/\" \/>\n<meta property=\"og:locale\" content=\"en_US\" \/>\n<meta property=\"og:type\" content=\"article\" \/>\n<meta property=\"og:title\" content=\"Career - St\u00f6ckl Maschinen und Ger\u00e4tebau GmbH\" \/>\n<meta property=\"og:description\" content=\"St\u00f6ckl \u2013 Maschinen- und Ger\u00e4tebau GmbH ist ihr qualifizierter Spezialist f\u00fcr kundenspezifische Fertigung von Schwei\u00dfbaugruppen, Montagebaugruppen, Blechbearbeitung, Komplexen Metallkonstruktionen, Ger\u00e4tebau und Fahrzeugbau.\" \/>\n<meta property=\"og:url\" content=\"https:\/\/mb-stoeckl.de\/en\/about-us\/career\/\" \/>\n<meta property=\"og:site_name\" content=\"St\u00f6ckl Maschinen und Ger\u00e4tebau GmbH\" \/>\n<meta property=\"article:modified_time\" content=\"2020-12-06T08:35:58+00:00\" \/>\n<meta property=\"og:image\" content=\"https:\/\/mbstoeckl.19i.eu\/wp-content\/uploads\/2020\/07\/121165950.jpg\" \/>\n<meta name=\"twitter:card\" content=\"summary_large_image\" \/>\n<meta name=\"twitter:label1\" content=\"Est. reading time\" \/>\n\t<meta name=\"twitter:data1\" content=\"1 minute\" \/>\n<script type=\"application\/ld+json\" class=\"yoast-schema-graph\">{\"@context\":\"https:\/\/schema.org\",\"@graph\":[{\"@type\":\"WebPage\",\"@id\":\"https:\/\/mb-stoeckl.de\/en\/about-us\/career\/\",\"url\":\"https:\/\/mb-stoeckl.de\/en\/about-us\/career\/\",\"name\":\"Career - St\u00f6ckl Maschinen und Ger\u00e4tebau GmbH\",\"isPartOf\":{\"@id\":\"https:\/\/mb-stoeckl.de\/en\/#website\"},\"primaryImageOfPage\":{\"@id\":\"https:\/\/mb-stoeckl.de\/en\/about-us\/career\/#primaryimage\"},\"image\":{\"@id\":\"https:\/\/mb-stoeckl.de\/en\/about-us\/career\/#primaryimage\"},\"thumbnailUrl\":\"https:\/\/mbstoeckl.19i.eu\/wp-content\/uploads\/2020\/07\/121165950.jpg\",\"datePublished\":\"2020-12-06T08:35:53+00:00\",\"dateModified\":\"2020-12-06T08:35:58+00:00\",\"description\":\"St\u00f6ckl \u2013 Maschinen- und Ger\u00e4tebau GmbH ist ihr qualifizierter Spezialist f\u00fcr kundenspezifische Fertigung von Schwei\u00dfbaugruppen, Montagebaugruppen, Blechbearbeitung, Komplexen Metallkonstruktionen, Ger\u00e4tebau und Fahrzeugbau.\",\"breadcrumb\":{\"@id\":\"https:\/\/mb-stoeckl.de\/en\/about-us\/career\/#breadcrumb\"},\"inLanguage\":\"en-US\",\"potentialAction\":[{\"@type\":\"ReadAction\",\"target\":[\"https:\/\/mb-stoeckl.de\/en\/about-us\/career\/\"]}]},{\"@type\":\"ImageObject\",\"inLanguage\":\"en-US\",\"@id\":\"https:\/\/mb-stoeckl.de\/en\/about-us\/career\/#primaryimage\",\"url\":\"https:\/\/mbstoeckl.19i.eu\/wp-content\/uploads\/2020\/07\/121165950.jpg\",\"contentUrl\":\"https:\/\/mbstoeckl.19i.eu\/wp-content\/uploads\/2020\/07\/121165950.jpg\"},{\"@type\":\"BreadcrumbList\",\"@id\":\"https:\/\/mb-stoeckl.de\/en\/about-us\/career\/#breadcrumb\",\"itemListElement\":[{\"@type\":\"ListItem\",\"position\":1,\"name\":\"Startseite\",\"item\":\"https:\/\/mb-stoeckl.de\/en\/welcome-to-stoeckl-machine-and-equiment-engineering\/\"},{\"@type\":\"ListItem\",\"position\":2,\"name\":\"About us\",\"item\":\"https:\/\/mb-stoeckl.de\/en\/about-us\/\"},{\"@type\":\"ListItem\",\"position\":3,\"name\":\"Career\"}]},{\"@type\":\"WebSite\",\"@id\":\"https:\/\/mb-stoeckl.de\/en\/#website\",\"url\":\"https:\/\/mb-stoeckl.de\/en\/\",\"name\":\"St\u00f6ckl Maschinen und Ger\u00e4tebau GmbH\",\"description\":\"Ihr zuverl\u00e4ssiger und best\u00e4ndiger Partner im Bereich Klein- und Serienfertigung sowie im Prototypenbau.Ihr SPezialist \",\"publisher\":{\"@id\":\"https:\/\/mb-stoeckl.de\/en\/#organization\"},\"potentialAction\":[{\"@type\":\"SearchAction\",\"target\":{\"@type\":\"EntryPoint\",\"urlTemplate\":\"https:\/\/mb-stoeckl.de\/en\/?s={search_term_string}\"},\"query-input\":\"required name=search_term_string\"}],\"inLanguage\":\"en-US\"},{\"@type\":\"Organization\",\"@id\":\"https:\/\/mb-stoeckl.de\/en\/#organization\",\"name\":\"St\u00f6ckl \u2013 Maschinen- und Ger\u00e4tebau GmbH\",\"url\":\"https:\/\/mb-stoeckl.de\/en\/\",\"logo\":{\"@type\":\"ImageObject\",\"inLanguage\":\"en-US\",\"@id\":\"https:\/\/mb-stoeckl.de\/en\/#\/schema\/logo\/image\/\",\"url\":\"https:\/\/mb-stoeckl.de\/wp-content\/uploads\/2020\/05\/2020_logo_sto\u0308ckl_v01-1.jpg\",\"contentUrl\":\"https:\/\/mb-stoeckl.de\/wp-content\/uploads\/2020\/05\/2020_logo_sto\u0308ckl_v01-1.jpg\",\"width\":894,\"height\":527,\"caption\":\"St\u00f6ckl \u2013 Maschinen- und Ger\u00e4tebau GmbH\"},\"image\":{\"@id\":\"https:\/\/mb-stoeckl.de\/en\/#\/schema\/logo\/image\/\"}}]}<\/script>\n<!-- \/ Yoast SEO plugin. -->","yoast_head_json":{"title":"Career - St\u00f6ckl Maschinen und Ger\u00e4tebau GmbH","description":"St\u00f6ckl \u2013 Maschinen- und Ger\u00e4tebau GmbH ist ihr qualifizierter Spezialist f\u00fcr kundenspezifische Fertigung von Schwei\u00dfbaugruppen, Montagebaugruppen, Blechbearbeitung, Komplexen Metallkonstruktionen, Ger\u00e4tebau und Fahrzeugbau.","robots":{"index":"index","follow":"follow","max-snippet":"max-snippet:-1","max-image-preview":"max-image-preview:large","max-video-preview":"max-video-preview:-1"},"canonical":"https:\/\/mb-stoeckl.de\/en\/about-us\/career\/","og_locale":"en_US","og_type":"article","og_title":"Career - St\u00f6ckl Maschinen und Ger\u00e4tebau GmbH","og_description":"St\u00f6ckl \u2013 Maschinen- und Ger\u00e4tebau GmbH ist ihr qualifizierter Spezialist f\u00fcr kundenspezifische Fertigung von Schwei\u00dfbaugruppen, Montagebaugruppen, Blechbearbeitung, Komplexen Metallkonstruktionen, Ger\u00e4tebau und Fahrzeugbau.","og_url":"https:\/\/mb-stoeckl.de\/en\/about-us\/career\/","og_site_name":"St\u00f6ckl Maschinen und Ger\u00e4tebau GmbH","article_modified_time":"2020-12-06T08:35:58+00:00","og_image":[{"url":"https:\/\/mbstoeckl.19i.eu\/wp-content\/uploads\/2020\/07\/121165950.jpg"}],"twitter_card":"summary_large_image","twitter_misc":{"Est. reading time":"1 minute"},"schema":{"@context":"https:\/\/schema.org","@graph":[{"@type":"WebPage","@id":"https:\/\/mb-stoeckl.de\/en\/about-us\/career\/","url":"https:\/\/mb-stoeckl.de\/en\/about-us\/career\/","name":"Career - St\u00f6ckl Maschinen und Ger\u00e4tebau GmbH","isPartOf":{"@id":"https:\/\/mb-stoeckl.de\/en\/#website"},"primaryImageOfPage":{"@id":"https:\/\/mb-stoeckl.de\/en\/about-us\/career\/#primaryimage"},"image":{"@id":"https:\/\/mb-stoeckl.de\/en\/about-us\/career\/#primaryimage"},"thumbnailUrl":"https:\/\/mbstoeckl.19i.eu\/wp-content\/uploads\/2020\/07\/121165950.jpg","datePublished":"2020-12-06T08:35:53+00:00","dateModified":"2020-12-06T08:35:58+00:00","description":"St\u00f6ckl \u2013 Maschinen- und Ger\u00e4tebau GmbH ist ihr qualifizierter Spezialist f\u00fcr kundenspezifische Fertigung von Schwei\u00dfbaugruppen, Montagebaugruppen, Blechbearbeitung, Komplexen Metallkonstruktionen, Ger\u00e4tebau und Fahrzeugbau.","breadcrumb":{"@id":"https:\/\/mb-stoeckl.de\/en\/about-us\/career\/#breadcrumb"},"inLanguage":"en-US","potentialAction":[{"@type":"ReadAction","target":["https:\/\/mb-stoeckl.de\/en\/about-us\/career\/"]}]},{"@type":"ImageObject","inLanguage":"en-US","@id":"https:\/\/mb-stoeckl.de\/en\/about-us\/career\/#primaryimage","url":"https:\/\/mbstoeckl.19i.eu\/wp-content\/uploads\/2020\/07\/121165950.jpg","contentUrl":"https:\/\/mbstoeckl.19i.eu\/wp-content\/uploads\/2020\/07\/121165950.jpg"},{"@type":"BreadcrumbList","@id":"https:\/\/mb-stoeckl.de\/en\/about-us\/career\/#breadcrumb","itemListElement":[{"@type":"ListItem","position":1,"name":"Startseite","item":"https:\/\/mb-stoeckl.de\/en\/welcome-to-stoeckl-machine-and-equiment-engineering\/"},{"@type":"ListItem","position":2,"name":"About us","item":"https:\/\/mb-stoeckl.de\/en\/about-us\/"},{"@type":"ListItem","position":3,"name":"Career"}]},{"@type":"WebSite","@id":"https:\/\/mb-stoeckl.de\/en\/#website","url":"https:\/\/mb-stoeckl.de\/en\/","name":"St\u00f6ckl Maschinen und Ger\u00e4tebau GmbH","description":"Ihr zuverl\u00e4ssiger und best\u00e4ndiger Partner im Bereich Klein- und Serienfertigung sowie im Prototypenbau.Ihr SPezialist ","publisher":{"@id":"https:\/\/mb-stoeckl.de\/en\/#organization"},"potentialAction":[{"@type":"SearchAction","target":{"@type":"EntryPoint","urlTemplate":"https:\/\/mb-stoeckl.de\/en\/?s={search_term_string}"},"query-input":"required name=search_term_string"}],"inLanguage":"en-US"},{"@type":"Organization","@id":"https:\/\/mb-stoeckl.de\/en\/#organization","name":"St\u00f6ckl \u2013 Maschinen- und Ger\u00e4tebau GmbH","url":"https:\/\/mb-stoeckl.de\/en\/","logo":{"@type":"ImageObject","inLanguage":"en-US","@id":"https:\/\/mb-stoeckl.de\/en\/#\/schema\/logo\/image\/","url":"https:\/\/mb-stoeckl.de\/wp-content\/uploads\/2020\/05\/2020_logo_sto\u0308ckl_v01-1.jpg","contentUrl":"https:\/\/mb-stoeckl.de\/wp-content\/uploads\/2020\/05\/2020_logo_sto\u0308ckl_v01-1.jpg","width":894,"height":527,"caption":"St\u00f6ckl \u2013 Maschinen- und Ger\u00e4tebau GmbH"},"image":{"@id":"https:\/\/mb-stoeckl.de\/en\/#\/schema\/logo\/image\/"}}]}},"_links":{"self":[{"href":"https:\/\/mb-stoeckl.de\/en\/wp-json\/wp\/v2\/pages\/977"}],"collection":[{"href":"https:\/\/mb-stoeckl.de\/en\/wp-json\/wp\/v2\/pages"}],"about":[{"href":"https:\/\/mb-stoeckl.de\/en\/wp-json\/wp\/v2\/types\/page"}],"author":[{"embeddable":true,"href":"https:\/\/mb-stoeckl.de\/en\/wp-json\/wp\/v2\/users\/1"}],"replies":[{"embeddable":true,"href":"https:\/\/mb-stoeckl.de\/en\/wp-json\/wp\/v2\/comments?post=977"}],"version-history":[{"count":2,"href":"https:\/\/mb-stoeckl.de\/en\/wp-json\/wp\/v2\/pages\/977\/revisions"}],"predecessor-version":[{"id":979,"href":"https:\/\/mb-stoeckl.de\/en\/wp-json\/wp\/v2\/pages\/977\/revisions\/979"}],"up":[{"embeddable":true,"href":"https:\/\/mb-stoeckl.de\/en\/wp-json\/wp\/v2\/pages\/704"}],"wp:attachment":[{"href":"https:\/\/mb-stoeckl.de\/en\/wp-json\/wp\/v2\/media?parent=977"}],"curies":[{"name":"wp","href":"https:\/\/api.w.org\/{rel}","templated":true}]}}