{"id":957,"date":"2020-12-06T08:32:18","date_gmt":"2020-12-06T08:32:18","guid":{"rendered":"https:\/\/mb-stoeckl.de\/imprint\/"},"modified":"2021-02-14T09:40:18","modified_gmt":"2021-02-14T09:40:18","slug":"imprint","status":"publish","type":"page","link":"https:\/\/mb-stoeckl.de\/en\/contact\/imprint\/","title":{"rendered":"Imprint"},"content":{"rendered":"<div id='full_slider_1'  class='avia-fullwidth-slider main_color avia-shadow   avia-builder-el-0  el_before_av_textblock  avia-builder-el-first   container_wrap sidebar_right'  ><div  class='avia-slideshow av-kd74moey-4f60e96f4b76cacfaef17b0c83852f7e avia-slideshow-featured av_slideshow_full avia-slide-slider av-slideshow-ui av-control-hidden av-no-slider-navigation av-hide-nav-arrows av-slideshow-manual av-loop-once av-loop-manual-endless av-default-height-applied   avia-slideshow-1' data-slideshow-options=\"{&quot;animation&quot;:&quot;slide&quot;,&quot;autoplay&quot;:false,&quot;loop_autoplay&quot;:&quot;once&quot;,&quot;interval&quot;:5,&quot;loop_manual&quot;:&quot;manual-endless&quot;,&quot;autoplay_stopper&quot;:false,&quot;noNavigation&quot;:true,&quot;bg_slider&quot;:false,&quot;keep_padding&quot;:false,&quot;hoverpause&quot;:false,&quot;show_slide_delay&quot;:0}\"  itemprop=\"image\" itemscope=\"itemscope\" itemtype=\"https:\/\/schema.org\/ImageObject\" ><ul class='avia-slideshow-inner ' style='padding-bottom: 28.666666666667%;'><li  class='avia-slideshow-slide av-kd74moey-4f60e96f4b76cacfaef17b0c83852f7e__0  av-single-slide slide-1 slide-odd'><div data-rel='slideshow-1' class='avia-slide-wrap '   ><img decoding=\"async\" fetchpriority=\"high\" class=\"wp-image-1087 avia-img-lazy-loading-not-1087\"  src=\"https:\/\/mb-stoeckl.de\/wp-content\/uploads\/2020\/07\/2020_05_25_Stoeckl_Bilder_049-1500x430.jpg\" width=\"1500\" height=\"430\" title='2020_05_25_Stoeckl_Bilder_049' alt=''  itemprop=\"thumbnailUrl\"   \/><\/div><\/li><\/ul><\/div><\/div><div id='after_full_slider_1'  class='main_color av_default_container_wrap container_wrap sidebar_right'  ><div class='container av-section-cont-open' ><div class='template-page content  av-content-small alpha units'><div class='post-entry post-entry-type-page post-entry-957'><div class='entry-content-wrapper clearfix'>\n<section  class='av_textblock_section av-168nz-41f7c4bc63bf878e5796b6aa06f029e6 '   itemscope=\"itemscope\" itemtype=\"https:\/\/schema.org\/CreativeWork\" ><div class='avia_textblock'  itemprop=\"text\" ><h1>Imprint<\/h1>\n<\/div><\/section>\n\n<style type=\"text\/css\" data-created_by=\"avia_inline_auto\" id=\"style-css-av-19q7f-127baa8c1c32a0ec8dee71ba4dd3de15\">\n.flex_column.av-19q7f-127baa8c1c32a0ec8dee71ba4dd3de15{\nborder-radius:0px 0px 0px 0px;\npadding:0px 0px 0px 0px;\n}\n<\/style>\n<div  class='flex_column av-19q7f-127baa8c1c32a0ec8dee71ba4dd3de15 av_one_half  avia-builder-el-2  el_after_av_textblock  el_before_av_one_half  first flex_column_div av-zero-column-padding  column-top-margin'     ><section  class='av_textblock_section av-kf81yffm-0829955546beb41450776552ce922d3e '   itemscope=\"itemscope\" itemtype=\"https:\/\/schema.org\/CreativeWork\" ><div class='avia_textblock'  itemprop=\"text\" ><p><strong>St\u00f6ckl Maschinen und Ger\u00e4tebau GmbH<\/strong><\/p>\n<p>Westerbergstr. 17<br \/>\n83727 Schliersee<\/p>\n<p>Phone: <a href=\"tel:+49802692180\">+49 (0) 8026-9218-0<\/a><\/p>\n<p>Fax: +49 (0) 8026-9218-20<\/p>\n<p>E-Mail: <a href=\"mailto:info@mb-stoeckl.de\">info@mb-stoeckl.de<\/a><\/p>\n<\/div><\/section><\/div>\n<style type=\"text\/css\" data-created_by=\"avia_inline_auto\" id=\"style-css-av-w25j-5e2a4b7f186fd2c7a666072da797da4a\">\n.flex_column.av-w25j-5e2a4b7f186fd2c7a666072da797da4a{\nborder-radius:0px 0px 0px 0px;\npadding:0px 0px 0px 0px;\n}\n<\/style>\n<div  class='flex_column av-w25j-5e2a4b7f186fd2c7a666072da797da4a av_one_half  avia-builder-el-4  el_after_av_one_half  avia-builder-el-last  flex_column_div av-zero-column-padding  column-top-margin'     ><section  class='av_textblock_section av-kf81z331-7ff23b126f327dfb8320988d39aeb1f4 '   itemscope=\"itemscope\" itemtype=\"https:\/\/schema.org\/CreativeWork\" ><div class='avia_textblock'  itemprop=\"text\" ><p><strong>Company headquarters<\/strong>: D-83727 Schliersee<\/p>\n<p><strong>Type of company<\/strong>: GmbH<\/p>\n<p><strong>Registered<\/strong>: Handwerkskammer f\u00fcr M\u00fcnchen und Oberbayern<\/p>\n<p><strong>Guild<\/strong>: Metall- Innung Miesbach-Bad T\u00f6lz- Wolfratshausen<\/p>\n<p><strong>Association<\/strong>: Fachverband Metall Bayern<\/p>\n<p><strong>Management<\/strong>: Christian Strobl &amp; Kamil Kowalski<\/p>\n<p><strong>UStId<\/strong>: DE 815 839 588<\/p>\n<p><strong>Commercial Register<\/strong>: Handelsregister M\u00fcnchen<\/p>\n<p><strong>Register number<\/strong>: HRB 251994<\/p>\n<\/div><\/section><\/div><\/p>\n","protected":false},"excerpt":{"rendered":"","protected":false},"author":1,"featured_media":0,"parent":965,"menu_order":0,"comment_status":"closed","ping_status":"closed","template":"","meta":{"footnotes":""},"class_list":["post-957","page","type-page","status-publish","hentry"],"yoast_head":"<!-- This site is optimized with the Yoast SEO plugin v23.2 - https:\/\/yoast.com\/wordpress\/plugins\/seo\/ -->\n<title>Imprint - St\u00f6ckl Maschinen und Ger\u00e4tebau GmbH<\/title>\n<meta name=\"description\" content=\"St\u00f6ckl \u2013 Maschinen- und Ger\u00e4tebau GmbH ist ihr qualifizierter Spezialist f\u00fcr kundenspezifische Fertigung von Schwei\u00dfbaugruppen, Montagebaugruppen, Blechbearbeitung, Komplexen Metallkonstruktionen, Ger\u00e4tebau und Fahrzeugbau.\" \/>\n<meta name=\"robots\" content=\"index, follow, max-snippet:-1, max-image-preview:large, max-video-preview:-1\" \/>\n<link rel=\"canonical\" href=\"https:\/\/mb-stoeckl.de\/en\/contact\/imprint\/\" \/>\n<meta property=\"og:locale\" content=\"en_US\" \/>\n<meta property=\"og:type\" content=\"article\" \/>\n<meta property=\"og:title\" content=\"Imprint - St\u00f6ckl Maschinen und Ger\u00e4tebau GmbH\" \/>\n<meta property=\"og:description\" content=\"St\u00f6ckl \u2013 Maschinen- und Ger\u00e4tebau GmbH ist ihr qualifizierter Spezialist f\u00fcr kundenspezifische Fertigung von Schwei\u00dfbaugruppen, Montagebaugruppen, Blechbearbeitung, Komplexen Metallkonstruktionen, Ger\u00e4tebau und Fahrzeugbau.\" \/>\n<meta property=\"og:url\" content=\"https:\/\/mb-stoeckl.de\/en\/contact\/imprint\/\" \/>\n<meta property=\"og:site_name\" content=\"St\u00f6ckl Maschinen und Ger\u00e4tebau GmbH\" \/>\n<meta property=\"article:modified_time\" content=\"2021-02-14T09:40:18+00:00\" \/>\n<meta name=\"twitter:card\" content=\"summary_large_image\" \/>\n<meta name=\"twitter:label1\" content=\"Est. reading time\" \/>\n\t<meta name=\"twitter:data1\" content=\"3 minutes\" \/>\n<script type=\"application\/ld+json\" class=\"yoast-schema-graph\">{\"@context\":\"https:\/\/schema.org\",\"@graph\":[{\"@type\":\"WebPage\",\"@id\":\"https:\/\/mb-stoeckl.de\/en\/contact\/imprint\/\",\"url\":\"https:\/\/mb-stoeckl.de\/en\/contact\/imprint\/\",\"name\":\"Imprint - St\u00f6ckl Maschinen und Ger\u00e4tebau GmbH\",\"isPartOf\":{\"@id\":\"https:\/\/mb-stoeckl.de\/en\/#website\"},\"datePublished\":\"2020-12-06T08:32:18+00:00\",\"dateModified\":\"2021-02-14T09:40:18+00:00\",\"description\":\"St\u00f6ckl \u2013 Maschinen- und Ger\u00e4tebau GmbH ist ihr qualifizierter Spezialist f\u00fcr kundenspezifische Fertigung von Schwei\u00dfbaugruppen, Montagebaugruppen, Blechbearbeitung, Komplexen Metallkonstruktionen, Ger\u00e4tebau und Fahrzeugbau.\",\"breadcrumb\":{\"@id\":\"https:\/\/mb-stoeckl.de\/en\/contact\/imprint\/#breadcrumb\"},\"inLanguage\":\"en-US\",\"potentialAction\":[{\"@type\":\"ReadAction\",\"target\":[\"https:\/\/mb-stoeckl.de\/en\/contact\/imprint\/\"]}]},{\"@type\":\"BreadcrumbList\",\"@id\":\"https:\/\/mb-stoeckl.de\/en\/contact\/imprint\/#breadcrumb\",\"itemListElement\":[{\"@type\":\"ListItem\",\"position\":1,\"name\":\"Startseite\",\"item\":\"https:\/\/mb-stoeckl.de\/en\/welcome-to-stoeckl-machine-and-equiment-engineering\/\"},{\"@type\":\"ListItem\",\"position\":2,\"name\":\"Contact\",\"item\":\"https:\/\/mb-stoeckl.de\/en\/contact\/\"},{\"@type\":\"ListItem\",\"position\":3,\"name\":\"Imprint\"}]},{\"@type\":\"WebSite\",\"@id\":\"https:\/\/mb-stoeckl.de\/en\/#website\",\"url\":\"https:\/\/mb-stoeckl.de\/en\/\",\"name\":\"St\u00f6ckl Maschinen und Ger\u00e4tebau GmbH\",\"description\":\"Ihr zuverl\u00e4ssiger und best\u00e4ndiger Partner im Bereich Klein- und Serienfertigung sowie im Prototypenbau.Ihr SPezialist \",\"publisher\":{\"@id\":\"https:\/\/mb-stoeckl.de\/en\/#organization\"},\"potentialAction\":[{\"@type\":\"SearchAction\",\"target\":{\"@type\":\"EntryPoint\",\"urlTemplate\":\"https:\/\/mb-stoeckl.de\/en\/?s={search_term_string}\"},\"query-input\":\"required name=search_term_string\"}],\"inLanguage\":\"en-US\"},{\"@type\":\"Organization\",\"@id\":\"https:\/\/mb-stoeckl.de\/en\/#organization\",\"name\":\"St\u00f6ckl \u2013 Maschinen- und Ger\u00e4tebau GmbH\",\"url\":\"https:\/\/mb-stoeckl.de\/en\/\",\"logo\":{\"@type\":\"ImageObject\",\"inLanguage\":\"en-US\",\"@id\":\"https:\/\/mb-stoeckl.de\/en\/#\/schema\/logo\/image\/\",\"url\":\"https:\/\/mb-stoeckl.de\/wp-content\/uploads\/2020\/05\/2020_logo_sto\u0308ckl_v01-1.jpg\",\"contentUrl\":\"https:\/\/mb-stoeckl.de\/wp-content\/uploads\/2020\/05\/2020_logo_sto\u0308ckl_v01-1.jpg\",\"width\":894,\"height\":527,\"caption\":\"St\u00f6ckl \u2013 Maschinen- und Ger\u00e4tebau GmbH\"},\"image\":{\"@id\":\"https:\/\/mb-stoeckl.de\/en\/#\/schema\/logo\/image\/\"}}]}<\/script>\n<!-- \/ Yoast SEO plugin. -->","yoast_head_json":{"title":"Imprint - St\u00f6ckl Maschinen und Ger\u00e4tebau GmbH","description":"St\u00f6ckl \u2013 Maschinen- und Ger\u00e4tebau GmbH ist ihr qualifizierter Spezialist f\u00fcr kundenspezifische Fertigung von Schwei\u00dfbaugruppen, Montagebaugruppen, Blechbearbeitung, Komplexen Metallkonstruktionen, Ger\u00e4tebau und Fahrzeugbau.","robots":{"index":"index","follow":"follow","max-snippet":"max-snippet:-1","max-image-preview":"max-image-preview:large","max-video-preview":"max-video-preview:-1"},"canonical":"https:\/\/mb-stoeckl.de\/en\/contact\/imprint\/","og_locale":"en_US","og_type":"article","og_title":"Imprint - St\u00f6ckl Maschinen und Ger\u00e4tebau GmbH","og_description":"St\u00f6ckl \u2013 Maschinen- und Ger\u00e4tebau GmbH ist ihr qualifizierter Spezialist f\u00fcr kundenspezifische Fertigung von Schwei\u00dfbaugruppen, Montagebaugruppen, Blechbearbeitung, Komplexen Metallkonstruktionen, Ger\u00e4tebau und Fahrzeugbau.","og_url":"https:\/\/mb-stoeckl.de\/en\/contact\/imprint\/","og_site_name":"St\u00f6ckl Maschinen und Ger\u00e4tebau GmbH","article_modified_time":"2021-02-14T09:40:18+00:00","twitter_card":"summary_large_image","twitter_misc":{"Est. reading time":"3 minutes"},"schema":{"@context":"https:\/\/schema.org","@graph":[{"@type":"WebPage","@id":"https:\/\/mb-stoeckl.de\/en\/contact\/imprint\/","url":"https:\/\/mb-stoeckl.de\/en\/contact\/imprint\/","name":"Imprint - St\u00f6ckl Maschinen und Ger\u00e4tebau GmbH","isPartOf":{"@id":"https:\/\/mb-stoeckl.de\/en\/#website"},"datePublished":"2020-12-06T08:32:18+00:00","dateModified":"2021-02-14T09:40:18+00:00","description":"St\u00f6ckl \u2013 Maschinen- und Ger\u00e4tebau GmbH ist ihr qualifizierter Spezialist f\u00fcr kundenspezifische Fertigung von Schwei\u00dfbaugruppen, Montagebaugruppen, Blechbearbeitung, Komplexen Metallkonstruktionen, Ger\u00e4tebau und Fahrzeugbau.","breadcrumb":{"@id":"https:\/\/mb-stoeckl.de\/en\/contact\/imprint\/#breadcrumb"},"inLanguage":"en-US","potentialAction":[{"@type":"ReadAction","target":["https:\/\/mb-stoeckl.de\/en\/contact\/imprint\/"]}]},{"@type":"BreadcrumbList","@id":"https:\/\/mb-stoeckl.de\/en\/contact\/imprint\/#breadcrumb","itemListElement":[{"@type":"ListItem","position":1,"name":"Startseite","item":"https:\/\/mb-stoeckl.de\/en\/welcome-to-stoeckl-machine-and-equiment-engineering\/"},{"@type":"ListItem","position":2,"name":"Contact","item":"https:\/\/mb-stoeckl.de\/en\/contact\/"},{"@type":"ListItem","position":3,"name":"Imprint"}]},{"@type":"WebSite","@id":"https:\/\/mb-stoeckl.de\/en\/#website","url":"https:\/\/mb-stoeckl.de\/en\/","name":"St\u00f6ckl Maschinen und Ger\u00e4tebau GmbH","description":"Ihr zuverl\u00e4ssiger und best\u00e4ndiger Partner im Bereich Klein- und Serienfertigung sowie im Prototypenbau.Ihr SPezialist ","publisher":{"@id":"https:\/\/mb-stoeckl.de\/en\/#organization"},"potentialAction":[{"@type":"SearchAction","target":{"@type":"EntryPoint","urlTemplate":"https:\/\/mb-stoeckl.de\/en\/?s={search_term_string}"},"query-input":"required name=search_term_string"}],"inLanguage":"en-US"},{"@type":"Organization","@id":"https:\/\/mb-stoeckl.de\/en\/#organization","name":"St\u00f6ckl \u2013 Maschinen- und Ger\u00e4tebau GmbH","url":"https:\/\/mb-stoeckl.de\/en\/","logo":{"@type":"ImageObject","inLanguage":"en-US","@id":"https:\/\/mb-stoeckl.de\/en\/#\/schema\/logo\/image\/","url":"https:\/\/mb-stoeckl.de\/wp-content\/uploads\/2020\/05\/2020_logo_sto\u0308ckl_v01-1.jpg","contentUrl":"https:\/\/mb-stoeckl.de\/wp-content\/uploads\/2020\/05\/2020_logo_sto\u0308ckl_v01-1.jpg","width":894,"height":527,"caption":"St\u00f6ckl \u2013 Maschinen- und Ger\u00e4tebau GmbH"},"image":{"@id":"https:\/\/mb-stoeckl.de\/en\/#\/schema\/logo\/image\/"}}]}},"_links":{"self":[{"href":"https:\/\/mb-stoeckl.de\/en\/wp-json\/wp\/v2\/pages\/957"}],"collection":[{"href":"https:\/\/mb-stoeckl.de\/en\/wp-json\/wp\/v2\/pages"}],"about":[{"href":"https:\/\/mb-stoeckl.de\/en\/wp-json\/wp\/v2\/types\/page"}],"author":[{"embeddable":true,"href":"https:\/\/mb-stoeckl.de\/en\/wp-json\/wp\/v2\/users\/1"}],"replies":[{"embeddable":true,"href":"https:\/\/mb-stoeckl.de\/en\/wp-json\/wp\/v2\/comments?post=957"}],"version-history":[{"count":13,"href":"https:\/\/mb-stoeckl.de\/en\/wp-json\/wp\/v2\/pages\/957\/revisions"}],"predecessor-version":[{"id":1370,"href":"https:\/\/mb-stoeckl.de\/en\/wp-json\/wp\/v2\/pages\/957\/revisions\/1370"}],"up":[{"embeddable":true,"href":"https:\/\/mb-stoeckl.de\/en\/wp-json\/wp\/v2\/pages\/965"}],"wp:attachment":[{"href":"https:\/\/mb-stoeckl.de\/en\/wp-json\/wp\/v2\/media?parent=957"}],"curies":[{"name":"wp","href":"https:\/\/api.w.org\/{rel}","templated":true}]}}