{"id":946,"date":"2020-12-06T08:29:01","date_gmt":"2020-12-06T08:29:01","guid":{"rendered":"https:\/\/mb-stoeckl.de\/approach\/"},"modified":"2020-12-06T08:32:16","modified_gmt":"2020-12-06T08:32:16","slug":"approach","status":"publish","type":"page","link":"https:\/\/mb-stoeckl.de\/en\/contact\/approach\/","title":{"rendered":"Approach"},"content":{"rendered":"<div id='full_slider_1'  class='avia-fullwidth-slider main_color avia-shadow   avia-builder-el-0  el_before_av_textblock  avia-builder-el-first   container_wrap sidebar_right'  ><div  class='avia-slideshow av-kd74m2gd-a6915d128e273109fa2652c0dcd1a46c avia-slideshow-featured av_slideshow_full avia-slide-slider av-slideshow-ui av-control-hidden av-no-slider-navigation av-hide-nav-arrows av-slideshow-manual av-loop-once av-loop-manual-endless av-default-height-applied   avia-slideshow-1' data-slideshow-options=\"{&quot;animation&quot;:&quot;slide&quot;,&quot;autoplay&quot;:false,&quot;loop_autoplay&quot;:&quot;once&quot;,&quot;interval&quot;:5,&quot;loop_manual&quot;:&quot;manual-endless&quot;,&quot;autoplay_stopper&quot;:false,&quot;noNavigation&quot;:true,&quot;bg_slider&quot;:false,&quot;keep_padding&quot;:false,&quot;hoverpause&quot;:false,&quot;show_slide_delay&quot;:0}\"  itemprop=\"image\" itemscope=\"itemscope\" itemtype=\"https:\/\/schema.org\/ImageObject\" ><ul class='avia-slideshow-inner ' style='padding-bottom: 28.666666666667%;'><li  class='avia-slideshow-slide av-kd74m2gd-a6915d128e273109fa2652c0dcd1a46c__0  av-single-slide slide-1 slide-odd'><div data-rel='slideshow-1' class='avia-slide-wrap '   ><img decoding=\"async\" fetchpriority=\"high\" class=\"wp-image-1087 avia-img-lazy-loading-not-1087\"  src=\"https:\/\/mb-stoeckl.de\/wp-content\/uploads\/2020\/07\/2020_05_25_Stoeckl_Bilder_049-1500x430.jpg\" width=\"1500\" height=\"430\" title='2020_05_25_Stoeckl_Bilder_049' alt=''  itemprop=\"thumbnailUrl\"   \/><\/div><\/li><\/ul><\/div><\/div><div id='after_full_slider_1'  class='main_color av_default_container_wrap container_wrap sidebar_right'  ><div class='container av-section-cont-open' ><div class='template-page content  av-content-small alpha units'><div class='post-entry post-entry-type-page post-entry-946'><div class='entry-content-wrapper clearfix'>\n<section  class='av_textblock_section av-pgqd-c1513af87f91494a23000914669a56d5 '   itemscope=\"itemscope\" itemtype=\"https:\/\/schema.org\/CreativeWork\" ><div class='avia_textblock'  itemprop=\"text\" ><h1>How to find us<\/h1>\n<p><strong>St\u00f6ckl Maschinen und Ger\u00e4tebau GmbH<\/strong><\/p>\n<p>Westerbergstr. 17<\/p>\n<p>83727 Schliersee<\/p>\n<\/div><\/section>\n\n","protected":false},"excerpt":{"rendered":"","protected":false},"author":1,"featured_media":0,"parent":965,"menu_order":0,"comment_status":"closed","ping_status":"closed","template":"","meta":{"footnotes":""},"class_list":["post-946","page","type-page","status-publish","hentry"],"yoast_head":"<!-- This site is optimized with the Yoast SEO plugin v23.2 - https:\/\/yoast.com\/wordpress\/plugins\/seo\/ -->\n<title>Approach - St\u00f6ckl Maschinen und Ger\u00e4tebau GmbH<\/title>\n<meta name=\"description\" content=\"St\u00f6ckl \u2013 Maschinen- und Ger\u00e4tebau GmbH ist ihr qualifizierter Spezialist f\u00fcr kundenspezifische Fertigung von Schwei\u00dfbaugruppen, Montagebaugruppen, Blechbearbeitung, Komplexen Metallkonstruktionen, Ger\u00e4tebau und Fahrzeugbau.\" \/>\n<meta name=\"robots\" content=\"index, follow, max-snippet:-1, max-image-preview:large, max-video-preview:-1\" \/>\n<link rel=\"canonical\" href=\"https:\/\/mb-stoeckl.de\/en\/contact\/approach\/\" \/>\n<meta property=\"og:locale\" content=\"en_US\" \/>\n<meta property=\"og:type\" content=\"article\" \/>\n<meta property=\"og:title\" content=\"Approach - St\u00f6ckl Maschinen und Ger\u00e4tebau GmbH\" \/>\n<meta property=\"og:description\" content=\"St\u00f6ckl \u2013 Maschinen- und Ger\u00e4tebau GmbH ist ihr qualifizierter Spezialist f\u00fcr kundenspezifische Fertigung von Schwei\u00dfbaugruppen, Montagebaugruppen, Blechbearbeitung, Komplexen Metallkonstruktionen, Ger\u00e4tebau und Fahrzeugbau.\" \/>\n<meta property=\"og:url\" content=\"https:\/\/mb-stoeckl.de\/en\/contact\/approach\/\" \/>\n<meta property=\"og:site_name\" content=\"St\u00f6ckl Maschinen und Ger\u00e4tebau GmbH\" \/>\n<meta property=\"article:modified_time\" content=\"2020-12-06T08:32:16+00:00\" \/>\n<meta name=\"twitter:card\" content=\"summary_large_image\" \/>\n<meta name=\"twitter:label1\" content=\"Est. reading time\" \/>\n\t<meta name=\"twitter:data1\" content=\"1 minute\" \/>\n<script type=\"application\/ld+json\" class=\"yoast-schema-graph\">{\"@context\":\"https:\/\/schema.org\",\"@graph\":[{\"@type\":\"WebPage\",\"@id\":\"https:\/\/mb-stoeckl.de\/en\/contact\/approach\/\",\"url\":\"https:\/\/mb-stoeckl.de\/en\/contact\/approach\/\",\"name\":\"Approach - St\u00f6ckl Maschinen und Ger\u00e4tebau GmbH\",\"isPartOf\":{\"@id\":\"https:\/\/mb-stoeckl.de\/en\/#website\"},\"datePublished\":\"2020-12-06T08:29:01+00:00\",\"dateModified\":\"2020-12-06T08:32:16+00:00\",\"description\":\"St\u00f6ckl \u2013 Maschinen- und Ger\u00e4tebau GmbH ist ihr qualifizierter Spezialist f\u00fcr kundenspezifische Fertigung von Schwei\u00dfbaugruppen, Montagebaugruppen, Blechbearbeitung, Komplexen Metallkonstruktionen, Ger\u00e4tebau und Fahrzeugbau.\",\"breadcrumb\":{\"@id\":\"https:\/\/mb-stoeckl.de\/en\/contact\/approach\/#breadcrumb\"},\"inLanguage\":\"en-US\",\"potentialAction\":[{\"@type\":\"ReadAction\",\"target\":[\"https:\/\/mb-stoeckl.de\/en\/contact\/approach\/\"]}]},{\"@type\":\"BreadcrumbList\",\"@id\":\"https:\/\/mb-stoeckl.de\/en\/contact\/approach\/#breadcrumb\",\"itemListElement\":[{\"@type\":\"ListItem\",\"position\":1,\"name\":\"Startseite\",\"item\":\"https:\/\/mb-stoeckl.de\/en\/welcome-to-stoeckl-machine-and-equiment-engineering\/\"},{\"@type\":\"ListItem\",\"position\":2,\"name\":\"Contact\",\"item\":\"https:\/\/mb-stoeckl.de\/en\/contact\/\"},{\"@type\":\"ListItem\",\"position\":3,\"name\":\"Approach\"}]},{\"@type\":\"WebSite\",\"@id\":\"https:\/\/mb-stoeckl.de\/en\/#website\",\"url\":\"https:\/\/mb-stoeckl.de\/en\/\",\"name\":\"St\u00f6ckl Maschinen und Ger\u00e4tebau GmbH\",\"description\":\"Ihr zuverl\u00e4ssiger und best\u00e4ndiger Partner im Bereich Klein- und Serienfertigung sowie im Prototypenbau.Ihr SPezialist \",\"publisher\":{\"@id\":\"https:\/\/mb-stoeckl.de\/en\/#organization\"},\"potentialAction\":[{\"@type\":\"SearchAction\",\"target\":{\"@type\":\"EntryPoint\",\"urlTemplate\":\"https:\/\/mb-stoeckl.de\/en\/?s={search_term_string}\"},\"query-input\":\"required name=search_term_string\"}],\"inLanguage\":\"en-US\"},{\"@type\":\"Organization\",\"@id\":\"https:\/\/mb-stoeckl.de\/en\/#organization\",\"name\":\"St\u00f6ckl \u2013 Maschinen- und Ger\u00e4tebau GmbH\",\"url\":\"https:\/\/mb-stoeckl.de\/en\/\",\"logo\":{\"@type\":\"ImageObject\",\"inLanguage\":\"en-US\",\"@id\":\"https:\/\/mb-stoeckl.de\/en\/#\/schema\/logo\/image\/\",\"url\":\"https:\/\/mb-stoeckl.de\/wp-content\/uploads\/2020\/05\/2020_logo_sto\u0308ckl_v01-1.jpg\",\"contentUrl\":\"https:\/\/mb-stoeckl.de\/wp-content\/uploads\/2020\/05\/2020_logo_sto\u0308ckl_v01-1.jpg\",\"width\":894,\"height\":527,\"caption\":\"St\u00f6ckl \u2013 Maschinen- und Ger\u00e4tebau GmbH\"},\"image\":{\"@id\":\"https:\/\/mb-stoeckl.de\/en\/#\/schema\/logo\/image\/\"}}]}<\/script>\n<!-- \/ Yoast SEO plugin. -->","yoast_head_json":{"title":"Approach - St\u00f6ckl Maschinen und Ger\u00e4tebau GmbH","description":"St\u00f6ckl \u2013 Maschinen- und Ger\u00e4tebau GmbH ist ihr qualifizierter Spezialist f\u00fcr kundenspezifische Fertigung von Schwei\u00dfbaugruppen, Montagebaugruppen, Blechbearbeitung, Komplexen Metallkonstruktionen, Ger\u00e4tebau und Fahrzeugbau.","robots":{"index":"index","follow":"follow","max-snippet":"max-snippet:-1","max-image-preview":"max-image-preview:large","max-video-preview":"max-video-preview:-1"},"canonical":"https:\/\/mb-stoeckl.de\/en\/contact\/approach\/","og_locale":"en_US","og_type":"article","og_title":"Approach - St\u00f6ckl Maschinen und Ger\u00e4tebau GmbH","og_description":"St\u00f6ckl \u2013 Maschinen- und Ger\u00e4tebau GmbH ist ihr qualifizierter Spezialist f\u00fcr kundenspezifische Fertigung von Schwei\u00dfbaugruppen, Montagebaugruppen, Blechbearbeitung, Komplexen Metallkonstruktionen, Ger\u00e4tebau und Fahrzeugbau.","og_url":"https:\/\/mb-stoeckl.de\/en\/contact\/approach\/","og_site_name":"St\u00f6ckl Maschinen und Ger\u00e4tebau GmbH","article_modified_time":"2020-12-06T08:32:16+00:00","twitter_card":"summary_large_image","twitter_misc":{"Est. reading time":"1 minute"},"schema":{"@context":"https:\/\/schema.org","@graph":[{"@type":"WebPage","@id":"https:\/\/mb-stoeckl.de\/en\/contact\/approach\/","url":"https:\/\/mb-stoeckl.de\/en\/contact\/approach\/","name":"Approach - St\u00f6ckl Maschinen und Ger\u00e4tebau GmbH","isPartOf":{"@id":"https:\/\/mb-stoeckl.de\/en\/#website"},"datePublished":"2020-12-06T08:29:01+00:00","dateModified":"2020-12-06T08:32:16+00:00","description":"St\u00f6ckl \u2013 Maschinen- und Ger\u00e4tebau GmbH ist ihr qualifizierter Spezialist f\u00fcr kundenspezifische Fertigung von Schwei\u00dfbaugruppen, Montagebaugruppen, Blechbearbeitung, Komplexen Metallkonstruktionen, Ger\u00e4tebau und Fahrzeugbau.","breadcrumb":{"@id":"https:\/\/mb-stoeckl.de\/en\/contact\/approach\/#breadcrumb"},"inLanguage":"en-US","potentialAction":[{"@type":"ReadAction","target":["https:\/\/mb-stoeckl.de\/en\/contact\/approach\/"]}]},{"@type":"BreadcrumbList","@id":"https:\/\/mb-stoeckl.de\/en\/contact\/approach\/#breadcrumb","itemListElement":[{"@type":"ListItem","position":1,"name":"Startseite","item":"https:\/\/mb-stoeckl.de\/en\/welcome-to-stoeckl-machine-and-equiment-engineering\/"},{"@type":"ListItem","position":2,"name":"Contact","item":"https:\/\/mb-stoeckl.de\/en\/contact\/"},{"@type":"ListItem","position":3,"name":"Approach"}]},{"@type":"WebSite","@id":"https:\/\/mb-stoeckl.de\/en\/#website","url":"https:\/\/mb-stoeckl.de\/en\/","name":"St\u00f6ckl Maschinen und Ger\u00e4tebau GmbH","description":"Ihr zuverl\u00e4ssiger und best\u00e4ndiger Partner im Bereich Klein- und Serienfertigung sowie im Prototypenbau.Ihr SPezialist ","publisher":{"@id":"https:\/\/mb-stoeckl.de\/en\/#organization"},"potentialAction":[{"@type":"SearchAction","target":{"@type":"EntryPoint","urlTemplate":"https:\/\/mb-stoeckl.de\/en\/?s={search_term_string}"},"query-input":"required name=search_term_string"}],"inLanguage":"en-US"},{"@type":"Organization","@id":"https:\/\/mb-stoeckl.de\/en\/#organization","name":"St\u00f6ckl \u2013 Maschinen- und Ger\u00e4tebau GmbH","url":"https:\/\/mb-stoeckl.de\/en\/","logo":{"@type":"ImageObject","inLanguage":"en-US","@id":"https:\/\/mb-stoeckl.de\/en\/#\/schema\/logo\/image\/","url":"https:\/\/mb-stoeckl.de\/wp-content\/uploads\/2020\/05\/2020_logo_sto\u0308ckl_v01-1.jpg","contentUrl":"https:\/\/mb-stoeckl.de\/wp-content\/uploads\/2020\/05\/2020_logo_sto\u0308ckl_v01-1.jpg","width":894,"height":527,"caption":"St\u00f6ckl \u2013 Maschinen- und Ger\u00e4tebau GmbH"},"image":{"@id":"https:\/\/mb-stoeckl.de\/en\/#\/schema\/logo\/image\/"}}]}},"_links":{"self":[{"href":"https:\/\/mb-stoeckl.de\/en\/wp-json\/wp\/v2\/pages\/946"}],"collection":[{"href":"https:\/\/mb-stoeckl.de\/en\/wp-json\/wp\/v2\/pages"}],"about":[{"href":"https:\/\/mb-stoeckl.de\/en\/wp-json\/wp\/v2\/types\/page"}],"author":[{"embeddable":true,"href":"https:\/\/mb-stoeckl.de\/en\/wp-json\/wp\/v2\/users\/1"}],"replies":[{"embeddable":true,"href":"https:\/\/mb-stoeckl.de\/en\/wp-json\/wp\/v2\/comments?post=946"}],"version-history":[{"count":8,"href":"https:\/\/mb-stoeckl.de\/en\/wp-json\/wp\/v2\/pages\/946\/revisions"}],"predecessor-version":[{"id":955,"href":"https:\/\/mb-stoeckl.de\/en\/wp-json\/wp\/v2\/pages\/946\/revisions\/955"}],"up":[{"embeddable":true,"href":"https:\/\/mb-stoeckl.de\/en\/wp-json\/wp\/v2\/pages\/965"}],"wp:attachment":[{"href":"https:\/\/mb-stoeckl.de\/en\/wp-json\/wp\/v2\/media?parent=946"}],"curies":[{"name":"wp","href":"https:\/\/api.w.org\/{rel}","templated":true}]}}