{"id":719,"date":"2020-12-06T08:23:22","date_gmt":"2020-12-06T08:23:22","guid":{"rendered":"https:\/\/mb-stoeckl.de\/welding-technology\/"},"modified":"2021-02-14T09:51:28","modified_gmt":"2021-02-14T09:51:28","slug":"welding-technology","status":"publish","type":"page","link":"https:\/\/mb-stoeckl.de\/en\/competencies-services\/welding-technology\/","title":{"rendered":"Welding technology"},"content":{"rendered":"<div id='full_slider_1'  class='avia-fullwidth-slider main_color avia-shadow   avia-builder-el-0  el_before_av_textblock  avia-builder-el-first   container_wrap sidebar_right'  ><div  class='avia-slideshow av-kcqlgg3d-423c8095b2fa82b55d58e829d7c8226a avia-slideshow-featured av_slideshow_full avia-slide-slider av-slideshow-ui av-control-hidden av-no-slider-navigation av-hide-nav-arrows av-slideshow-autoplay av-loop-endless av-loop-manual-endless av-default-height-applied   avia-slideshow-1' data-slideshow-options=\"{&quot;animation&quot;:&quot;slide&quot;,&quot;autoplay&quot;:true,&quot;loop_autoplay&quot;:&quot;endless&quot;,&quot;interval&quot;:5,&quot;loop_manual&quot;:&quot;manual-endless&quot;,&quot;autoplay_stopper&quot;:false,&quot;noNavigation&quot;:true,&quot;bg_slider&quot;:false,&quot;keep_padding&quot;:false,&quot;hoverpause&quot;:false,&quot;show_slide_delay&quot;:0}\"  itemprop=\"image\" itemscope=\"itemscope\" itemtype=\"https:\/\/schema.org\/ImageObject\" ><ul class='avia-slideshow-inner ' style='padding-bottom: 28.666666666667%;'><li  data-controls='aviaTBaviaTBvideo_controls' data-mute='aviaTBaviaTBvideo_mute' data-loop='' data-disable-autoplay=''  data-video-height='197' data-video-toppos='-48.5' data-video-ratio='3.4883720930233' class='avia-slideshow-slide av-kcqlgg3d-423c8095b2fa82b55d58e829d7c8226a__0  av-video-slide  av-video-service-html5  av-hide-video-controls av-mute-video av-mobile-fallback-image  av-video-stretch slide-1 slide-odd'><div data-rel='slideshow-1' class='avia-slide-wrap '    itemprop=\"video\" itemtype=\"https:\/\/schema.org\/VideoObject\" ><div class='av-click-overlay'><\/div><video class='avia_video'  autoplay playsinline  preload=\"auto\" muted  id='player_719_844338444_393825141'><source src=\"https:\/\/mbstoeckl.19i.eu\/wp-content\/uploads\/2020\/07\/Stoeckl_Schweissen.mp4\" type=\"video\/mp4\" \/><\/video><\/div><\/li><li  class='avia-slideshow-slide av-kcqlgg3d-423c8095b2fa82b55d58e829d7c8226a__1  slide-2 slide-even'><div data-rel='slideshow-1' class='avia-slide-wrap '   ><img decoding=\"async\" fetchpriority=\"high\" class=\"wp-image-729 avia-img-lazy-loading-not-729\"  src=\"https:\/\/mb-stoeckl.de\/wp-content\/uploads\/2020\/07\/2020_05_25_Stoeckl_Bilder_024-1500x430.jpg\" width=\"1500\" height=\"430\" title='2020_05_25_Stoeckl_Bilder_024' alt=''  itemprop=\"thumbnailUrl\"   \/><\/div><\/li><li  class='avia-slideshow-slide av-kcqlgg3d-423c8095b2fa82b55d58e829d7c8226a__2  slide-3 slide-odd'><div data-rel='slideshow-1' class='avia-slide-wrap '   ><img decoding=\"async\" fetchpriority=\"high\" class=\"wp-image-724 avia-img-lazy-loading-not-724\"  src=\"https:\/\/mb-stoeckl.de\/wp-content\/uploads\/2020\/07\/2020_05_25_Stoeckl_Bilder_030-1-1500x430.jpg\" width=\"1500\" height=\"430\" title='2020_05_25_Stoeckl_Bilder_030' alt=''  itemprop=\"thumbnailUrl\"   \/><\/div><\/li><li  class='avia-slideshow-slide av-kcqlgg3d-423c8095b2fa82b55d58e829d7c8226a__3  slide-4 slide-even'><div data-rel='slideshow-1' class='avia-slide-wrap '   ><img decoding=\"async\" fetchpriority=\"high\" class=\"wp-image-1117 avia-img-lazy-loading-not-1117\"  src=\"https:\/\/mb-stoeckl.de\/wp-content\/uploads\/2020\/07\/2020_05_25_Stoeckl_Bilder_033-1500x430.jpg\" width=\"1500\" height=\"430\" title='2020_05_25_Stoeckl_Bilder_033' alt=''  itemprop=\"thumbnailUrl\"   \/><\/div><\/li><li  data-controls='aviaTBaviaTBvideo_controls' data-mute='aviaTBaviaTBvideo_mute' data-loop='' data-disable-autoplay=''  data-video-height='197' data-video-toppos='-48.5' data-video-ratio='3.4883720930233' class='avia-slideshow-slide av-kcqlgg3d-423c8095b2fa82b55d58e829d7c8226a__4  av-video-slide  av-video-service-html5  av-hide-video-controls av-mute-video av-mobile-fallback-image  av-video-stretch slide-5 slide-odd'><div data-rel='slideshow-1' class='avia-slide-wrap '    itemprop=\"video\" itemtype=\"https:\/\/schema.org\/VideoObject\" ><div class='av-click-overlay'><\/div><video class='avia_video'  autoplay playsinline  preload=\"auto\" muted  id='player_719_1450578845_115142012'><source src=\"https:\/\/mbstoeckl.19i.eu\/wp-content\/uploads\/2020\/07\/Stoeckl_Schleifen.mp4\" type=\"video\/mp4\" \/><\/video><\/div><\/li><\/ul><div class='avia-slideshow-arrows avia-slideshow-controls' ><a href='#prev' class='prev-slide ' aria-hidden='true' data-av_icon='\ue87c' data-av_iconfont='entypo-fontello'  tabindex='-1'>Previous<\/a><a href='#next' class='next-slide ' aria-hidden='true' data-av_icon='\ue87d' data-av_iconfont='entypo-fontello'  tabindex='-1'>Next<\/a><\/div><\/div><\/div><div id='after_full_slider_1'  class='main_color av_default_container_wrap container_wrap sidebar_right'  ><div class='container av-section-cont-open' ><div class='template-page content  av-content-small alpha units'><div class='post-entry post-entry-type-page post-entry-719'><div class='entry-content-wrapper clearfix'>\n<section  class='av_textblock_section av-kcqlffqs-37656941078b7e61fd7e0e271f30fac5 '   itemscope=\"itemscope\" itemtype=\"https:\/\/schema.org\/CreativeWork\" ><div class='avia_textblock'  itemprop=\"text\" ><h1>Welding technology<\/h1>\n<p>Your reliable partner for simple to complex welded assemblies in small and series production as well as prototypes.<\/p>\n<ul>\n<li><strong>MIG Welding<\/strong><\/li>\n<li><strong>MAG Welding<\/strong><\/li>\n<li><strong>TIG Welding<\/strong><\/li>\n<li><strong>Spot Welding<\/strong><\/li>\n<li><strong>Soldering<\/strong><\/li>\n<li><strong>Stud Welding<\/strong><\/li>\n<\/ul>\n<p>Our welding engineer and master welder bring a high level of experience. This guarantees you the highest level of consistent quality. Our welders are trained in-house and take their welding certificates at regular intervals.<\/p>\n<p>Welding certifications and manufacturer qualifications:<\/p>\n<ul>\n<li><strong>DIN ISO 9001:2015<br \/>\n<\/strong><\/li>\n<li><strong>EN ISO 3834-2<\/strong><\/li>\n<li><strong>DIN EN ISO 1090-2<\/strong><\/li>\n<li><strong>DIN EN ISO 1090-1<\/strong><\/li>\n<li><strong>DIN 2303 <\/strong><\/li>\n<li><strong>Re-stamping agreement<\/strong><\/li>\n<li><strong>Crack inspection<\/strong><\/li>\n<\/ul>\n<\/div><\/section>\n","protected":false},"excerpt":{"rendered":"","protected":false},"author":1,"featured_media":0,"parent":972,"menu_order":0,"comment_status":"closed","ping_status":"closed","template":"","meta":{"footnotes":""},"class_list":["post-719","page","type-page","status-publish","hentry"],"yoast_head":"<!-- This site is optimized with the Yoast SEO plugin v23.2 - https:\/\/yoast.com\/wordpress\/plugins\/seo\/ -->\n<title>Welding technology - St\u00f6ckl Maschinen und Ger\u00e4tebau GmbH<\/title>\n<meta name=\"description\" content=\"St\u00f6ckl \u2013 Maschinen- und Ger\u00e4tebau GmbH ist ihr qualifizierter Spezialist f\u00fcr kundenspezifische Fertigung von Schwei\u00dfbaugruppen, Montagebaugruppen, Blechbearbeitung, Komplexen Metallkonstruktionen, Ger\u00e4tebau und Fahrzeugbau.\" \/>\n<meta name=\"robots\" content=\"index, follow, max-snippet:-1, max-image-preview:large, max-video-preview:-1\" \/>\n<link rel=\"canonical\" href=\"https:\/\/mb-stoeckl.de\/en\/competencies-services\/welding-technology\/\" \/>\n<meta property=\"og:locale\" content=\"en_US\" \/>\n<meta property=\"og:type\" content=\"article\" \/>\n<meta property=\"og:title\" content=\"Welding technology - St\u00f6ckl Maschinen und Ger\u00e4tebau GmbH\" \/>\n<meta property=\"og:description\" content=\"St\u00f6ckl \u2013 Maschinen- und Ger\u00e4tebau GmbH ist ihr qualifizierter Spezialist f\u00fcr kundenspezifische Fertigung von Schwei\u00dfbaugruppen, Montagebaugruppen, Blechbearbeitung, Komplexen Metallkonstruktionen, Ger\u00e4tebau und Fahrzeugbau.\" \/>\n<meta property=\"og:url\" content=\"https:\/\/mb-stoeckl.de\/en\/competencies-services\/welding-technology\/\" \/>\n<meta property=\"og:site_name\" content=\"St\u00f6ckl Maschinen und Ger\u00e4tebau GmbH\" \/>\n<meta property=\"article:modified_time\" content=\"2021-02-14T09:51:28+00:00\" \/>\n<meta name=\"twitter:card\" content=\"summary_large_image\" \/>\n<meta name=\"twitter:label1\" content=\"Est. reading time\" \/>\n\t<meta name=\"twitter:data1\" content=\"4 minutes\" \/>\n<script type=\"application\/ld+json\" class=\"yoast-schema-graph\">{\"@context\":\"https:\/\/schema.org\",\"@graph\":[{\"@type\":\"WebPage\",\"@id\":\"https:\/\/mb-stoeckl.de\/en\/competencies-services\/welding-technology\/\",\"url\":\"https:\/\/mb-stoeckl.de\/en\/competencies-services\/welding-technology\/\",\"name\":\"Welding technology - St\u00f6ckl Maschinen und Ger\u00e4tebau GmbH\",\"isPartOf\":{\"@id\":\"https:\/\/mb-stoeckl.de\/en\/#website\"},\"datePublished\":\"2020-12-06T08:23:22+00:00\",\"dateModified\":\"2021-02-14T09:51:28+00:00\",\"description\":\"St\u00f6ckl \u2013 Maschinen- und Ger\u00e4tebau GmbH ist ihr qualifizierter Spezialist f\u00fcr kundenspezifische Fertigung von Schwei\u00dfbaugruppen, Montagebaugruppen, Blechbearbeitung, Komplexen Metallkonstruktionen, Ger\u00e4tebau und Fahrzeugbau.\",\"breadcrumb\":{\"@id\":\"https:\/\/mb-stoeckl.de\/en\/competencies-services\/welding-technology\/#breadcrumb\"},\"inLanguage\":\"en-US\",\"potentialAction\":[{\"@type\":\"ReadAction\",\"target\":[\"https:\/\/mb-stoeckl.de\/en\/competencies-services\/welding-technology\/\"]}]},{\"@type\":\"BreadcrumbList\",\"@id\":\"https:\/\/mb-stoeckl.de\/en\/competencies-services\/welding-technology\/#breadcrumb\",\"itemListElement\":[{\"@type\":\"ListItem\",\"position\":1,\"name\":\"Startseite\",\"item\":\"https:\/\/mb-stoeckl.de\/en\/welcome-to-stoeckl-machine-and-equiment-engineering\/\"},{\"@type\":\"ListItem\",\"position\":2,\"name\":\"Competencies &amp; Services\",\"item\":\"https:\/\/mb-stoeckl.de\/en\/competencies-services\/\"},{\"@type\":\"ListItem\",\"position\":3,\"name\":\"Welding technology\"}]},{\"@type\":\"WebSite\",\"@id\":\"https:\/\/mb-stoeckl.de\/en\/#website\",\"url\":\"https:\/\/mb-stoeckl.de\/en\/\",\"name\":\"St\u00f6ckl Maschinen und Ger\u00e4tebau GmbH\",\"description\":\"Ihr zuverl\u00e4ssiger und best\u00e4ndiger Partner im Bereich Klein- und Serienfertigung sowie im Prototypenbau.Ihr SPezialist \",\"publisher\":{\"@id\":\"https:\/\/mb-stoeckl.de\/en\/#organization\"},\"potentialAction\":[{\"@type\":\"SearchAction\",\"target\":{\"@type\":\"EntryPoint\",\"urlTemplate\":\"https:\/\/mb-stoeckl.de\/en\/?s={search_term_string}\"},\"query-input\":\"required name=search_term_string\"}],\"inLanguage\":\"en-US\"},{\"@type\":\"Organization\",\"@id\":\"https:\/\/mb-stoeckl.de\/en\/#organization\",\"name\":\"St\u00f6ckl \u2013 Maschinen- und Ger\u00e4tebau GmbH\",\"url\":\"https:\/\/mb-stoeckl.de\/en\/\",\"logo\":{\"@type\":\"ImageObject\",\"inLanguage\":\"en-US\",\"@id\":\"https:\/\/mb-stoeckl.de\/en\/#\/schema\/logo\/image\/\",\"url\":\"https:\/\/mb-stoeckl.de\/wp-content\/uploads\/2020\/05\/2020_logo_sto\u0308ckl_v01-1.jpg\",\"contentUrl\":\"https:\/\/mb-stoeckl.de\/wp-content\/uploads\/2020\/05\/2020_logo_sto\u0308ckl_v01-1.jpg\",\"width\":894,\"height\":527,\"caption\":\"St\u00f6ckl \u2013 Maschinen- und Ger\u00e4tebau GmbH\"},\"image\":{\"@id\":\"https:\/\/mb-stoeckl.de\/en\/#\/schema\/logo\/image\/\"}}]}<\/script>\n<!-- \/ Yoast SEO plugin. -->","yoast_head_json":{"title":"Welding technology - St\u00f6ckl Maschinen und Ger\u00e4tebau GmbH","description":"St\u00f6ckl \u2013 Maschinen- und Ger\u00e4tebau GmbH ist ihr qualifizierter Spezialist f\u00fcr kundenspezifische Fertigung von Schwei\u00dfbaugruppen, Montagebaugruppen, Blechbearbeitung, Komplexen Metallkonstruktionen, Ger\u00e4tebau und Fahrzeugbau.","robots":{"index":"index","follow":"follow","max-snippet":"max-snippet:-1","max-image-preview":"max-image-preview:large","max-video-preview":"max-video-preview:-1"},"canonical":"https:\/\/mb-stoeckl.de\/en\/competencies-services\/welding-technology\/","og_locale":"en_US","og_type":"article","og_title":"Welding technology - St\u00f6ckl Maschinen und Ger\u00e4tebau GmbH","og_description":"St\u00f6ckl \u2013 Maschinen- und Ger\u00e4tebau GmbH ist ihr qualifizierter Spezialist f\u00fcr kundenspezifische Fertigung von Schwei\u00dfbaugruppen, Montagebaugruppen, Blechbearbeitung, Komplexen Metallkonstruktionen, Ger\u00e4tebau und Fahrzeugbau.","og_url":"https:\/\/mb-stoeckl.de\/en\/competencies-services\/welding-technology\/","og_site_name":"St\u00f6ckl Maschinen und Ger\u00e4tebau GmbH","article_modified_time":"2021-02-14T09:51:28+00:00","twitter_card":"summary_large_image","twitter_misc":{"Est. reading time":"4 minutes"},"schema":{"@context":"https:\/\/schema.org","@graph":[{"@type":"WebPage","@id":"https:\/\/mb-stoeckl.de\/en\/competencies-services\/welding-technology\/","url":"https:\/\/mb-stoeckl.de\/en\/competencies-services\/welding-technology\/","name":"Welding technology - St\u00f6ckl Maschinen und Ger\u00e4tebau GmbH","isPartOf":{"@id":"https:\/\/mb-stoeckl.de\/en\/#website"},"datePublished":"2020-12-06T08:23:22+00:00","dateModified":"2021-02-14T09:51:28+00:00","description":"St\u00f6ckl \u2013 Maschinen- und Ger\u00e4tebau GmbH ist ihr qualifizierter Spezialist f\u00fcr kundenspezifische Fertigung von Schwei\u00dfbaugruppen, Montagebaugruppen, Blechbearbeitung, Komplexen Metallkonstruktionen, Ger\u00e4tebau und Fahrzeugbau.","breadcrumb":{"@id":"https:\/\/mb-stoeckl.de\/en\/competencies-services\/welding-technology\/#breadcrumb"},"inLanguage":"en-US","potentialAction":[{"@type":"ReadAction","target":["https:\/\/mb-stoeckl.de\/en\/competencies-services\/welding-technology\/"]}]},{"@type":"BreadcrumbList","@id":"https:\/\/mb-stoeckl.de\/en\/competencies-services\/welding-technology\/#breadcrumb","itemListElement":[{"@type":"ListItem","position":1,"name":"Startseite","item":"https:\/\/mb-stoeckl.de\/en\/welcome-to-stoeckl-machine-and-equiment-engineering\/"},{"@type":"ListItem","position":2,"name":"Competencies &amp; Services","item":"https:\/\/mb-stoeckl.de\/en\/competencies-services\/"},{"@type":"ListItem","position":3,"name":"Welding technology"}]},{"@type":"WebSite","@id":"https:\/\/mb-stoeckl.de\/en\/#website","url":"https:\/\/mb-stoeckl.de\/en\/","name":"St\u00f6ckl Maschinen und Ger\u00e4tebau GmbH","description":"Ihr zuverl\u00e4ssiger und best\u00e4ndiger Partner im Bereich Klein- und Serienfertigung sowie im Prototypenbau.Ihr SPezialist ","publisher":{"@id":"https:\/\/mb-stoeckl.de\/en\/#organization"},"potentialAction":[{"@type":"SearchAction","target":{"@type":"EntryPoint","urlTemplate":"https:\/\/mb-stoeckl.de\/en\/?s={search_term_string}"},"query-input":"required name=search_term_string"}],"inLanguage":"en-US"},{"@type":"Organization","@id":"https:\/\/mb-stoeckl.de\/en\/#organization","name":"St\u00f6ckl \u2013 Maschinen- und Ger\u00e4tebau GmbH","url":"https:\/\/mb-stoeckl.de\/en\/","logo":{"@type":"ImageObject","inLanguage":"en-US","@id":"https:\/\/mb-stoeckl.de\/en\/#\/schema\/logo\/image\/","url":"https:\/\/mb-stoeckl.de\/wp-content\/uploads\/2020\/05\/2020_logo_sto\u0308ckl_v01-1.jpg","contentUrl":"https:\/\/mb-stoeckl.de\/wp-content\/uploads\/2020\/05\/2020_logo_sto\u0308ckl_v01-1.jpg","width":894,"height":527,"caption":"St\u00f6ckl \u2013 Maschinen- und Ger\u00e4tebau GmbH"},"image":{"@id":"https:\/\/mb-stoeckl.de\/en\/#\/schema\/logo\/image\/"}}]}},"_links":{"self":[{"href":"https:\/\/mb-stoeckl.de\/en\/wp-json\/wp\/v2\/pages\/719"}],"collection":[{"href":"https:\/\/mb-stoeckl.de\/en\/wp-json\/wp\/v2\/pages"}],"about":[{"href":"https:\/\/mb-stoeckl.de\/en\/wp-json\/wp\/v2\/types\/page"}],"author":[{"embeddable":true,"href":"https:\/\/mb-stoeckl.de\/en\/wp-json\/wp\/v2\/users\/1"}],"replies":[{"embeddable":true,"href":"https:\/\/mb-stoeckl.de\/en\/wp-json\/wp\/v2\/comments?post=719"}],"version-history":[{"count":15,"href":"https:\/\/mb-stoeckl.de\/en\/wp-json\/wp\/v2\/pages\/719\/revisions"}],"predecessor-version":[{"id":1384,"href":"https:\/\/mb-stoeckl.de\/en\/wp-json\/wp\/v2\/pages\/719\/revisions\/1384"}],"up":[{"embeddable":true,"href":"https:\/\/mb-stoeckl.de\/en\/wp-json\/wp\/v2\/pages\/972"}],"wp:attachment":[{"href":"https:\/\/mb-stoeckl.de\/en\/wp-json\/wp\/v2\/media?parent=719"}],"curies":[{"name":"wp","href":"https:\/\/api.w.org\/{rel}","templated":true}]}}