{"id":1120,"date":"2020-12-06T08:58:47","date_gmt":"2020-12-06T08:58:47","guid":{"rendered":"https:\/\/mb-stoeckl.de\/competencies-services\/cnc-milling\/"},"modified":"2021-02-14T10:05:26","modified_gmt":"2021-02-14T10:05:26","slug":"cnc-milling","status":"publish","type":"page","link":"https:\/\/mb-stoeckl.de\/en\/competencies-services\/cnc-milling\/","title":{"rendered":"CNC \/ Milling"},"content":{"rendered":"<div id='full_slider_1'  class='avia-fullwidth-slider main_color avia-shadow   avia-builder-el-0  el_before_av_textblock  avia-builder-el-first   container_wrap sidebar_right'  ><div  class='avia-slideshow av-kcqlcw8j-607fb6bf19cc2d952295016daca00283 avia-slideshow-featured av_slideshow_full avia-slide-slider av-slideshow-ui av-control-hidden av-no-slider-navigation av-hide-nav-arrows av-slideshow-autoplay av-loop-endless av-loop-manual-endless av-default-height-applied   avia-slideshow-1' data-slideshow-options=\"{&quot;animation&quot;:&quot;slide&quot;,&quot;autoplay&quot;:true,&quot;loop_autoplay&quot;:&quot;endless&quot;,&quot;interval&quot;:5,&quot;loop_manual&quot;:&quot;manual-endless&quot;,&quot;autoplay_stopper&quot;:false,&quot;noNavigation&quot;:true,&quot;bg_slider&quot;:false,&quot;keep_padding&quot;:false,&quot;hoverpause&quot;:false,&quot;show_slide_delay&quot;:0}\"  itemprop=\"image\" itemscope=\"itemscope\" itemtype=\"https:\/\/schema.org\/ImageObject\" ><ul class='avia-slideshow-inner ' style='padding-bottom: 28.666666666667%;'><li  class='avia-slideshow-slide av-kcqlcw8j-607fb6bf19cc2d952295016daca00283__0  slide-1 slide-odd'><div data-rel='slideshow-1' class='avia-slide-wrap '   ><img decoding=\"async\" fetchpriority=\"high\" class=\"wp-image-491 avia-img-lazy-loading-not-491\"  src=\"https:\/\/mb-stoeckl.de\/wp-content\/uploads\/2020\/07\/2020_05_25_Stoeckl_Bilder_074-1500x430.jpg\" width=\"1500\" height=\"430\" title='2020_05_25_Stoeckl_Bilder_074' alt=''  itemprop=\"thumbnailUrl\"   \/><\/div><\/li><li  class='avia-slideshow-slide av-kcqlcw8j-607fb6bf19cc2d952295016daca00283__1  slide-2 slide-even'><div data-rel='slideshow-1' class='avia-slide-wrap '   ><img decoding=\"async\" fetchpriority=\"high\" class=\"wp-image-1176 avia-img-lazy-loading-not-1176\"  src=\"https:\/\/mb-stoeckl.de\/wp-content\/uploads\/2020\/07\/2020_05_25_Stoeckl_Bilder_063-1500x430.jpg\" width=\"1500\" height=\"430\" title='2020_05_25_Stoeckl_Bilder_063' alt=''  itemprop=\"thumbnailUrl\"   \/><\/div><\/li><li  class='avia-slideshow-slide av-kcqlcw8j-607fb6bf19cc2d952295016daca00283__2  slide-3 slide-odd'><div data-rel='slideshow-1' class='avia-slide-wrap '   ><img decoding=\"async\" fetchpriority=\"high\" class=\"wp-image-1172 avia-img-lazy-loading-not-1172\"  src=\"https:\/\/mb-stoeckl.de\/wp-content\/uploads\/2020\/07\/2020_05_25_Stoeckl_Bilder_064-1500x430.jpg\" width=\"1500\" height=\"430\" title='2020_05_25_Stoeckl_Bilder_064' alt=''  itemprop=\"thumbnailUrl\"   \/><\/div><\/li><li  class='avia-slideshow-slide av-kcqlcw8j-607fb6bf19cc2d952295016daca00283__3  slide-4 slide-even'><div data-rel='slideshow-1' class='avia-slide-wrap '   ><img decoding=\"async\" fetchpriority=\"high\" class=\"wp-image-1166 avia-img-lazy-loading-not-1166\"  src=\"https:\/\/mb-stoeckl.de\/wp-content\/uploads\/2020\/07\/2020_05_25_Stoeckl_Bilder_067-1500x430.jpg\" width=\"1500\" height=\"430\" title='2020_05_25_Stoeckl_Bilder_067' alt=''  itemprop=\"thumbnailUrl\"   \/><\/div><\/li><li  class='avia-slideshow-slide av-kcqlcw8j-607fb6bf19cc2d952295016daca00283__4  slide-5 slide-odd'><div data-rel='slideshow-1' class='avia-slide-wrap '   ><img decoding=\"async\" fetchpriority=\"high\" class=\"wp-image-1163 avia-img-lazy-loading-not-1163\"  src=\"https:\/\/mb-stoeckl.de\/wp-content\/uploads\/2020\/07\/2020_05_25_Stoeckl_Bilder_068-1500x430.jpg\" width=\"1500\" height=\"430\" title='2020_05_25_Stoeckl_Bilder_068' alt=''  itemprop=\"thumbnailUrl\"   \/><\/div><\/li><li  class='avia-slideshow-slide av-kcqlcw8j-607fb6bf19cc2d952295016daca00283__5  slide-6 slide-even'><div data-rel='slideshow-1' class='avia-slide-wrap '   ><img decoding=\"async\" fetchpriority=\"high\" class=\"wp-image-1154 avia-img-lazy-loading-not-1154\"  src=\"https:\/\/mb-stoeckl.de\/wp-content\/uploads\/2020\/07\/2020_05_25_Stoeckl_Bilder_069-1500x430.jpg\" width=\"1500\" height=\"430\" title='2020_05_25_Stoeckl_Bilder_069' alt=''  itemprop=\"thumbnailUrl\"   \/><\/div><\/li><li  class='avia-slideshow-slide av-kcqlcw8j-607fb6bf19cc2d952295016daca00283__6  slide-7 slide-odd'><div data-rel='slideshow-1' class='avia-slide-wrap '   ><img decoding=\"async\" fetchpriority=\"high\" class=\"wp-image-1135 avia-img-lazy-loading-not-1135\"  src=\"https:\/\/mb-stoeckl.de\/wp-content\/uploads\/2020\/07\/2020_05_25_Stoeckl_Bilder_077-1500x430.jpg\" width=\"1500\" height=\"430\" title='2020_05_25_Stoeckl_Bilder_077' alt=''  itemprop=\"thumbnailUrl\"   \/><\/div><\/li><\/ul><div class='avia-slideshow-arrows avia-slideshow-controls' ><a href='#prev' class='prev-slide ' aria-hidden='true' data-av_icon='\ue87c' data-av_iconfont='entypo-fontello'  tabindex='-1'>Previous<\/a><a href='#next' class='next-slide ' aria-hidden='true' data-av_icon='\ue87d' data-av_iconfont='entypo-fontello'  tabindex='-1'>Next<\/a><\/div><\/div><\/div><div id='after_full_slider_1'  class='main_color av_default_container_wrap container_wrap sidebar_right'  ><div class='container av-section-cont-open' ><div class='template-page content  av-content-small alpha units'><div class='post-entry post-entry-type-page post-entry-1120'><div class='entry-content-wrapper clearfix'>\n<section  class='av_textblock_section av-kcqkye1f-dda694f5e19c15fe464ed0d2cf15d456 '   itemscope=\"itemscope\" itemtype=\"https:\/\/schema.org\/CreativeWork\" ><div class='avia_textblock'  itemprop=\"text\" ><h1>CNC \/ Milling<\/h1>\n<p>You can have your precision parts processed in almost all common materials in our CNC turning and milling centers.<\/p>\n<p>Here you get everything from a single source and in the highest quality.<\/p>\n<h2>Key technical data<\/h2>\n<\/div><\/section>\n\n<style type=\"text\/css\" data-created_by=\"avia_inline_auto\" id=\"style-css-av-2qfki-313d4c790a14d3a0433465a4127186ce\">\n.flex_column.av-2qfki-313d4c790a14d3a0433465a4127186ce{\nborder-radius:0px 0px 0px 0px;\npadding:0px 0px 0px 0px;\n}\n<\/style>\n<div  class='flex_column av-2qfki-313d4c790a14d3a0433465a4127186ce av_one_half  avia-builder-el-2  el_after_av_textblock  el_before_av_one_half  first flex_column_div av-zero-column-padding  column-top-margin'     ><section  class='av_textblock_section av-kd8cn8q4-2cc882c27762dbdd6b2a22d0da6d19fe '   itemscope=\"itemscope\" itemtype=\"https:\/\/schema.org\/CreativeWork\" ><div class='avia_textblock'  itemprop=\"text\" ><h3>VC750:<\/h3>\n<ul>\n<li>Travel: X=760mm Y=460mm Z=460mm; 36m\/min<\/li>\n<li>Spindle: max. 12.000 1\/min<\/li>\n<li>Tools: 24-fold magazine with double arm changer<\/li>\n<li>Control: Siemens 840D<\/li>\n<li>Other: 22bar IKZ, 3D workpiece sensor<\/li>\n<\/ul>\n<\/div><\/section><\/div>\n\n<style type=\"text\/css\" data-created_by=\"avia_inline_auto\" id=\"style-css-av-24f1y-78d0c5fedb8a2fc123311e0f4fdd8c90\">\n.flex_column.av-24f1y-78d0c5fedb8a2fc123311e0f4fdd8c90{\nborder-radius:0px 0px 0px 0px;\npadding:0px 0px 0px 0px;\n}\n<\/style>\n<div  class='flex_column av-24f1y-78d0c5fedb8a2fc123311e0f4fdd8c90 av_one_half  avia-builder-el-4  el_after_av_one_half  el_before_av_one_half  flex_column_div av-zero-column-padding  column-top-margin'     ><section  class='av_textblock_section av-kd8cr8ev-190b632be9f9494b93b5e22b8f7e3e13 '   itemscope=\"itemscope\" itemtype=\"https:\/\/schema.org\/CreativeWork\" ><div class='avia_textblock'  itemprop=\"text\" ><h3>MVC1000:<\/h3>\n<ul>\n<li>Travel: X=1000mm Y=500mm Z=570mm 24m\/min<\/li>\n<li>Spindle: max. 10.000 1\/min<\/li>\n<li>Tools: 24-fold magazine with double arm changer<\/li>\n<li>Control: Siemens 840D<\/li>\n<li>Other: 22bar IKZ, 3D workpiece sensor<\/li>\n<\/ul>\n<\/div><\/section><\/div>\n\n<style type=\"text\/css\" data-created_by=\"avia_inline_auto\" id=\"style-css-av-1f46a-c8da28c94dfabdc3ba1d8ae386f7ea9e\">\n.flex_column.av-1f46a-c8da28c94dfabdc3ba1d8ae386f7ea9e{\nborder-radius:0px 0px 0px 0px;\npadding:0px 0px 0px 0px;\n}\n<\/style>\n<div  class='flex_column av-1f46a-c8da28c94dfabdc3ba1d8ae386f7ea9e av_one_half  avia-builder-el-6  el_after_av_one_half  el_before_av_one_half  first flex_column_div av-zero-column-padding  column-top-margin'     ><section  class='av_textblock_section av-kd8cq7jj-cf983a561c6a89b2a196ba4fbbf3b705 '   itemscope=\"itemscope\" itemtype=\"https:\/\/schema.org\/CreativeWork\" ><div class='avia_textblock'  itemprop=\"text\" ><p><img loading=\"lazy\" decoding=\"async\" class=\"alignnone size-medium wp-image-367\" src=\"https:\/\/mbstoeckl.19i.eu\/wp-content\/uploads\/2020\/07\/VC750_2015_01_Siemens-290x300.jpg\" alt=\"\" width=\"290\" height=\"300\" srcset=\"https:\/\/mb-stoeckl.de\/wp-content\/uploads\/2020\/07\/VC750_2015_01_Siemens-290x300.jpg 290w, https:\/\/mb-stoeckl.de\/wp-content\/uploads\/2020\/07\/VC750_2015_01_Siemens-768x795.jpg 768w, https:\/\/mb-stoeckl.de\/wp-content\/uploads\/2020\/07\/VC750_2015_01_Siemens-36x36.jpg 36w, https:\/\/mb-stoeckl.de\/wp-content\/uploads\/2020\/07\/VC750_2015_01_Siemens-681x705.jpg 681w, https:\/\/mb-stoeckl.de\/wp-content\/uploads\/2020\/07\/VC750_2015_01_Siemens.jpg 800w\" sizes=\"(max-width: 290px) 100vw, 290px\" \/><\/p>\n<\/div><\/section><\/div>\n\n<style type=\"text\/css\" data-created_by=\"avia_inline_auto\" id=\"style-css-av-owt6-0eeefb33f527a330799b54233fe83457\">\n.flex_column.av-owt6-0eeefb33f527a330799b54233fe83457{\nborder-radius:0px 0px 0px 0px;\npadding:0px 0px 0px 0px;\n}\n<\/style>\n<div  class='flex_column av-owt6-0eeefb33f527a330799b54233fe83457 av_one_half  avia-builder-el-8  el_after_av_one_half  avia-builder-el-last  flex_column_div av-zero-column-padding  column-top-margin'     ><section  class='av_textblock_section av-kd8csjka-5ca0c2ba0659793696c66ca477b93544 '   itemscope=\"itemscope\" itemtype=\"https:\/\/schema.org\/CreativeWork\" ><div class='avia_textblock'  itemprop=\"text\" ><p><img loading=\"lazy\" decoding=\"async\" class=\"alignnone size-medium wp-image-368\" src=\"https:\/\/mbstoeckl.19i.eu\/wp-content\/uploads\/2020\/07\/MVC_1000_frei-300x276.jpg\" alt=\"\" width=\"300\" height=\"276\" srcset=\"https:\/\/mb-stoeckl.de\/wp-content\/uploads\/2020\/07\/MVC_1000_frei-300x276.jpg 300w, https:\/\/mb-stoeckl.de\/wp-content\/uploads\/2020\/07\/MVC_1000_frei-768x708.jpg 768w, https:\/\/mb-stoeckl.de\/wp-content\/uploads\/2020\/07\/MVC_1000_frei-705x649.jpg 705w, https:\/\/mb-stoeckl.de\/wp-content\/uploads\/2020\/07\/MVC_1000_frei.jpg 800w\" sizes=\"(max-width: 300px) 100vw, 300px\" \/><\/p>\n<\/div><\/section><\/div>\n","protected":false},"excerpt":{"rendered":"","protected":false},"author":1,"featured_media":0,"parent":972,"menu_order":0,"comment_status":"closed","ping_status":"closed","template":"","meta":{"footnotes":""},"class_list":["post-1120","page","type-page","status-publish","hentry"],"yoast_head":"<!-- This site is optimized with the Yoast SEO plugin v23.2 - https:\/\/yoast.com\/wordpress\/plugins\/seo\/ -->\n<title>CNC \/ Milling - St\u00f6ckl Maschinen und Ger\u00e4tebau GmbH<\/title>\n<meta name=\"description\" content=\"St\u00f6ckl \u2013 Maschinen- und Ger\u00e4tebau GmbH ist ihr qualifizierter Spezialist f\u00fcr kundenspezifische Fertigung von Schwei\u00dfbaugruppen, Montagebaugruppen, Blechbearbeitung, Komplexen Metallkonstruktionen, Ger\u00e4tebau und Fahrzeugbau.\" \/>\n<meta name=\"robots\" content=\"index, follow, max-snippet:-1, max-image-preview:large, max-video-preview:-1\" \/>\n<link rel=\"canonical\" href=\"https:\/\/mb-stoeckl.de\/en\/competencies-services\/cnc-milling\/\" \/>\n<meta property=\"og:locale\" content=\"en_US\" \/>\n<meta property=\"og:type\" content=\"article\" \/>\n<meta property=\"og:title\" content=\"CNC \/ Milling - St\u00f6ckl Maschinen und Ger\u00e4tebau GmbH\" \/>\n<meta property=\"og:description\" content=\"St\u00f6ckl \u2013 Maschinen- und Ger\u00e4tebau GmbH ist ihr qualifizierter Spezialist f\u00fcr kundenspezifische Fertigung von Schwei\u00dfbaugruppen, Montagebaugruppen, Blechbearbeitung, Komplexen Metallkonstruktionen, Ger\u00e4tebau und Fahrzeugbau.\" \/>\n<meta property=\"og:url\" content=\"https:\/\/mb-stoeckl.de\/en\/competencies-services\/cnc-milling\/\" \/>\n<meta property=\"og:site_name\" content=\"St\u00f6ckl Maschinen und Ger\u00e4tebau GmbH\" \/>\n<meta property=\"article:modified_time\" content=\"2021-02-14T10:05:26+00:00\" \/>\n<meta property=\"og:image\" content=\"https:\/\/mbstoeckl.19i.eu\/wp-content\/uploads\/2020\/07\/VC750_2015_01_Siemens-290x300.jpg\" \/>\n<meta name=\"twitter:card\" content=\"summary_large_image\" \/>\n<meta name=\"twitter:label1\" content=\"Est. reading time\" \/>\n\t<meta name=\"twitter:data1\" content=\"9 minutes\" \/>\n<script type=\"application\/ld+json\" class=\"yoast-schema-graph\">{\"@context\":\"https:\/\/schema.org\",\"@graph\":[{\"@type\":\"WebPage\",\"@id\":\"https:\/\/mb-stoeckl.de\/en\/competencies-services\/cnc-milling\/\",\"url\":\"https:\/\/mb-stoeckl.de\/en\/competencies-services\/cnc-milling\/\",\"name\":\"CNC \/ Milling - St\u00f6ckl Maschinen und Ger\u00e4tebau GmbH\",\"isPartOf\":{\"@id\":\"https:\/\/mb-stoeckl.de\/en\/#website\"},\"primaryImageOfPage\":{\"@id\":\"https:\/\/mb-stoeckl.de\/en\/competencies-services\/cnc-milling\/#primaryimage\"},\"image\":{\"@id\":\"https:\/\/mb-stoeckl.de\/en\/competencies-services\/cnc-milling\/#primaryimage\"},\"thumbnailUrl\":\"https:\/\/mbstoeckl.19i.eu\/wp-content\/uploads\/2020\/07\/VC750_2015_01_Siemens-290x300.jpg\",\"datePublished\":\"2020-12-06T08:58:47+00:00\",\"dateModified\":\"2021-02-14T10:05:26+00:00\",\"description\":\"St\u00f6ckl \u2013 Maschinen- und Ger\u00e4tebau GmbH ist ihr qualifizierter Spezialist f\u00fcr kundenspezifische Fertigung von Schwei\u00dfbaugruppen, Montagebaugruppen, Blechbearbeitung, Komplexen Metallkonstruktionen, Ger\u00e4tebau und Fahrzeugbau.\",\"breadcrumb\":{\"@id\":\"https:\/\/mb-stoeckl.de\/en\/competencies-services\/cnc-milling\/#breadcrumb\"},\"inLanguage\":\"en-US\",\"potentialAction\":[{\"@type\":\"ReadAction\",\"target\":[\"https:\/\/mb-stoeckl.de\/en\/competencies-services\/cnc-milling\/\"]}]},{\"@type\":\"ImageObject\",\"inLanguage\":\"en-US\",\"@id\":\"https:\/\/mb-stoeckl.de\/en\/competencies-services\/cnc-milling\/#primaryimage\",\"url\":\"https:\/\/mbstoeckl.19i.eu\/wp-content\/uploads\/2020\/07\/VC750_2015_01_Siemens-290x300.jpg\",\"contentUrl\":\"https:\/\/mbstoeckl.19i.eu\/wp-content\/uploads\/2020\/07\/VC750_2015_01_Siemens-290x300.jpg\"},{\"@type\":\"BreadcrumbList\",\"@id\":\"https:\/\/mb-stoeckl.de\/en\/competencies-services\/cnc-milling\/#breadcrumb\",\"itemListElement\":[{\"@type\":\"ListItem\",\"position\":1,\"name\":\"Startseite\",\"item\":\"https:\/\/mb-stoeckl.de\/en\/welcome-to-stoeckl-machine-and-equiment-engineering\/\"},{\"@type\":\"ListItem\",\"position\":2,\"name\":\"Competencies &amp; Services\",\"item\":\"https:\/\/mb-stoeckl.de\/en\/competencies-services\/\"},{\"@type\":\"ListItem\",\"position\":3,\"name\":\"CNC \/ Milling\"}]},{\"@type\":\"WebSite\",\"@id\":\"https:\/\/mb-stoeckl.de\/en\/#website\",\"url\":\"https:\/\/mb-stoeckl.de\/en\/\",\"name\":\"St\u00f6ckl Maschinen und Ger\u00e4tebau GmbH\",\"description\":\"Ihr zuverl\u00e4ssiger und best\u00e4ndiger Partner im Bereich Klein- und Serienfertigung sowie im Prototypenbau.Ihr SPezialist \",\"publisher\":{\"@id\":\"https:\/\/mb-stoeckl.de\/en\/#organization\"},\"potentialAction\":[{\"@type\":\"SearchAction\",\"target\":{\"@type\":\"EntryPoint\",\"urlTemplate\":\"https:\/\/mb-stoeckl.de\/en\/?s={search_term_string}\"},\"query-input\":\"required name=search_term_string\"}],\"inLanguage\":\"en-US\"},{\"@type\":\"Organization\",\"@id\":\"https:\/\/mb-stoeckl.de\/en\/#organization\",\"name\":\"St\u00f6ckl \u2013 Maschinen- und Ger\u00e4tebau GmbH\",\"url\":\"https:\/\/mb-stoeckl.de\/en\/\",\"logo\":{\"@type\":\"ImageObject\",\"inLanguage\":\"en-US\",\"@id\":\"https:\/\/mb-stoeckl.de\/en\/#\/schema\/logo\/image\/\",\"url\":\"https:\/\/mb-stoeckl.de\/wp-content\/uploads\/2020\/05\/2020_logo_sto\u0308ckl_v01-1.jpg\",\"contentUrl\":\"https:\/\/mb-stoeckl.de\/wp-content\/uploads\/2020\/05\/2020_logo_sto\u0308ckl_v01-1.jpg\",\"width\":894,\"height\":527,\"caption\":\"St\u00f6ckl \u2013 Maschinen- und Ger\u00e4tebau GmbH\"},\"image\":{\"@id\":\"https:\/\/mb-stoeckl.de\/en\/#\/schema\/logo\/image\/\"}}]}<\/script>\n<!-- \/ Yoast SEO plugin. -->","yoast_head_json":{"title":"CNC \/ Milling - St\u00f6ckl Maschinen und Ger\u00e4tebau GmbH","description":"St\u00f6ckl \u2013 Maschinen- und Ger\u00e4tebau GmbH ist ihr qualifizierter Spezialist f\u00fcr kundenspezifische Fertigung von Schwei\u00dfbaugruppen, Montagebaugruppen, Blechbearbeitung, Komplexen Metallkonstruktionen, Ger\u00e4tebau und Fahrzeugbau.","robots":{"index":"index","follow":"follow","max-snippet":"max-snippet:-1","max-image-preview":"max-image-preview:large","max-video-preview":"max-video-preview:-1"},"canonical":"https:\/\/mb-stoeckl.de\/en\/competencies-services\/cnc-milling\/","og_locale":"en_US","og_type":"article","og_title":"CNC \/ Milling - St\u00f6ckl Maschinen und Ger\u00e4tebau GmbH","og_description":"St\u00f6ckl \u2013 Maschinen- und Ger\u00e4tebau GmbH ist ihr qualifizierter Spezialist f\u00fcr kundenspezifische Fertigung von Schwei\u00dfbaugruppen, Montagebaugruppen, Blechbearbeitung, Komplexen Metallkonstruktionen, Ger\u00e4tebau und Fahrzeugbau.","og_url":"https:\/\/mb-stoeckl.de\/en\/competencies-services\/cnc-milling\/","og_site_name":"St\u00f6ckl Maschinen und Ger\u00e4tebau GmbH","article_modified_time":"2021-02-14T10:05:26+00:00","og_image":[{"url":"https:\/\/mbstoeckl.19i.eu\/wp-content\/uploads\/2020\/07\/VC750_2015_01_Siemens-290x300.jpg"}],"twitter_card":"summary_large_image","twitter_misc":{"Est. reading time":"9 minutes"},"schema":{"@context":"https:\/\/schema.org","@graph":[{"@type":"WebPage","@id":"https:\/\/mb-stoeckl.de\/en\/competencies-services\/cnc-milling\/","url":"https:\/\/mb-stoeckl.de\/en\/competencies-services\/cnc-milling\/","name":"CNC \/ Milling - St\u00f6ckl Maschinen und Ger\u00e4tebau GmbH","isPartOf":{"@id":"https:\/\/mb-stoeckl.de\/en\/#website"},"primaryImageOfPage":{"@id":"https:\/\/mb-stoeckl.de\/en\/competencies-services\/cnc-milling\/#primaryimage"},"image":{"@id":"https:\/\/mb-stoeckl.de\/en\/competencies-services\/cnc-milling\/#primaryimage"},"thumbnailUrl":"https:\/\/mbstoeckl.19i.eu\/wp-content\/uploads\/2020\/07\/VC750_2015_01_Siemens-290x300.jpg","datePublished":"2020-12-06T08:58:47+00:00","dateModified":"2021-02-14T10:05:26+00:00","description":"St\u00f6ckl \u2013 Maschinen- und Ger\u00e4tebau GmbH ist ihr qualifizierter Spezialist f\u00fcr kundenspezifische Fertigung von Schwei\u00dfbaugruppen, Montagebaugruppen, Blechbearbeitung, Komplexen Metallkonstruktionen, Ger\u00e4tebau und Fahrzeugbau.","breadcrumb":{"@id":"https:\/\/mb-stoeckl.de\/en\/competencies-services\/cnc-milling\/#breadcrumb"},"inLanguage":"en-US","potentialAction":[{"@type":"ReadAction","target":["https:\/\/mb-stoeckl.de\/en\/competencies-services\/cnc-milling\/"]}]},{"@type":"ImageObject","inLanguage":"en-US","@id":"https:\/\/mb-stoeckl.de\/en\/competencies-services\/cnc-milling\/#primaryimage","url":"https:\/\/mbstoeckl.19i.eu\/wp-content\/uploads\/2020\/07\/VC750_2015_01_Siemens-290x300.jpg","contentUrl":"https:\/\/mbstoeckl.19i.eu\/wp-content\/uploads\/2020\/07\/VC750_2015_01_Siemens-290x300.jpg"},{"@type":"BreadcrumbList","@id":"https:\/\/mb-stoeckl.de\/en\/competencies-services\/cnc-milling\/#breadcrumb","itemListElement":[{"@type":"ListItem","position":1,"name":"Startseite","item":"https:\/\/mb-stoeckl.de\/en\/welcome-to-stoeckl-machine-and-equiment-engineering\/"},{"@type":"ListItem","position":2,"name":"Competencies &amp; Services","item":"https:\/\/mb-stoeckl.de\/en\/competencies-services\/"},{"@type":"ListItem","position":3,"name":"CNC \/ Milling"}]},{"@type":"WebSite","@id":"https:\/\/mb-stoeckl.de\/en\/#website","url":"https:\/\/mb-stoeckl.de\/en\/","name":"St\u00f6ckl Maschinen und Ger\u00e4tebau GmbH","description":"Ihr zuverl\u00e4ssiger und best\u00e4ndiger Partner im Bereich Klein- und Serienfertigung sowie im Prototypenbau.Ihr SPezialist ","publisher":{"@id":"https:\/\/mb-stoeckl.de\/en\/#organization"},"potentialAction":[{"@type":"SearchAction","target":{"@type":"EntryPoint","urlTemplate":"https:\/\/mb-stoeckl.de\/en\/?s={search_term_string}"},"query-input":"required name=search_term_string"}],"inLanguage":"en-US"},{"@type":"Organization","@id":"https:\/\/mb-stoeckl.de\/en\/#organization","name":"St\u00f6ckl \u2013 Maschinen- und Ger\u00e4tebau GmbH","url":"https:\/\/mb-stoeckl.de\/en\/","logo":{"@type":"ImageObject","inLanguage":"en-US","@id":"https:\/\/mb-stoeckl.de\/en\/#\/schema\/logo\/image\/","url":"https:\/\/mb-stoeckl.de\/wp-content\/uploads\/2020\/05\/2020_logo_sto\u0308ckl_v01-1.jpg","contentUrl":"https:\/\/mb-stoeckl.de\/wp-content\/uploads\/2020\/05\/2020_logo_sto\u0308ckl_v01-1.jpg","width":894,"height":527,"caption":"St\u00f6ckl \u2013 Maschinen- und Ger\u00e4tebau GmbH"},"image":{"@id":"https:\/\/mb-stoeckl.de\/en\/#\/schema\/logo\/image\/"}}]}},"_links":{"self":[{"href":"https:\/\/mb-stoeckl.de\/en\/wp-json\/wp\/v2\/pages\/1120"}],"collection":[{"href":"https:\/\/mb-stoeckl.de\/en\/wp-json\/wp\/v2\/pages"}],"about":[{"href":"https:\/\/mb-stoeckl.de\/en\/wp-json\/wp\/v2\/types\/page"}],"author":[{"embeddable":true,"href":"https:\/\/mb-stoeckl.de\/en\/wp-json\/wp\/v2\/users\/1"}],"replies":[{"embeddable":true,"href":"https:\/\/mb-stoeckl.de\/en\/wp-json\/wp\/v2\/comments?post=1120"}],"version-history":[{"count":20,"href":"https:\/\/mb-stoeckl.de\/en\/wp-json\/wp\/v2\/pages\/1120\/revisions"}],"predecessor-version":[{"id":1427,"href":"https:\/\/mb-stoeckl.de\/en\/wp-json\/wp\/v2\/pages\/1120\/revisions\/1427"}],"up":[{"embeddable":true,"href":"https:\/\/mb-stoeckl.de\/en\/wp-json\/wp\/v2\/pages\/972"}],"wp:attachment":[{"href":"https:\/\/mb-stoeckl.de\/en\/wp-json\/wp\/v2\/media?parent=1120"}],"curies":[{"name":"wp","href":"https:\/\/api.w.org\/{rel}","templated":true}]}}