{"id":1044,"date":"2020-12-06T08:44:24","date_gmt":"2020-12-06T08:44:24","guid":{"rendered":"https:\/\/mb-stoeckl.de\/competencies-services\/vehicle-construction\/"},"modified":"2021-02-17T06:56:49","modified_gmt":"2021-02-17T06:56:49","slug":"vehicle-construction","status":"publish","type":"page","link":"https:\/\/mb-stoeckl.de\/en\/competencies-services\/vehicle-construction\/","title":{"rendered":"Rail, special and military vehicles"},"content":{"rendered":"<div id='full_slider_1'  class='avia-fullwidth-slider main_color avia-shadow   avia-builder-el-0  el_before_av_textblock  avia-builder-el-first   container_wrap sidebar_right'  ><div  class='avia-slideshow av-kd20tskb-186fb7dddf496b42440edf04c3942ba8 avia-slideshow-featured av_slideshow_full avia-slide-slider av-slideshow-ui av-control-hidden av-no-slider-navigation av-hide-nav-arrows av-slideshow-autoplay av-loop-endless av-loop-manual-endless av-default-height-applied   avia-slideshow-1' data-slideshow-options=\"{&quot;animation&quot;:&quot;slide&quot;,&quot;autoplay&quot;:true,&quot;loop_autoplay&quot;:&quot;endless&quot;,&quot;interval&quot;:5,&quot;loop_manual&quot;:&quot;manual-endless&quot;,&quot;autoplay_stopper&quot;:false,&quot;noNavigation&quot;:true,&quot;bg_slider&quot;:false,&quot;keep_padding&quot;:false,&quot;hoverpause&quot;:false,&quot;show_slide_delay&quot;:0}\"  itemprop=\"image\" itemscope=\"itemscope\" itemtype=\"https:\/\/schema.org\/ImageObject\" ><ul class='avia-slideshow-inner ' style='padding-bottom: 28.666666666667%;'><li  class='avia-slideshow-slide av-kd20tskb-186fb7dddf496b42440edf04c3942ba8__0  slide-1 slide-odd'><div data-rel='slideshow-1' class='avia-slide-wrap '   ><img decoding=\"async\" fetchpriority=\"high\" class=\"wp-image-1250 avia-img-lazy-loading-not-1250\"  src=\"https:\/\/mb-stoeckl.de\/wp-content\/uploads\/2020\/12\/banner_zug-1500x430.jpg\" width=\"1500\" height=\"430\" title='banner_zug' alt=''  itemprop=\"thumbnailUrl\" srcset=\"https:\/\/mb-stoeckl.de\/wp-content\/uploads\/2020\/12\/banner_zug.jpg 1500w, https:\/\/mb-stoeckl.de\/wp-content\/uploads\/2020\/12\/banner_zug-300x86.jpg 300w, https:\/\/mb-stoeckl.de\/wp-content\/uploads\/2020\/12\/banner_zug-1030x295.jpg 1030w, https:\/\/mb-stoeckl.de\/wp-content\/uploads\/2020\/12\/banner_zug-768x220.jpg 768w, https:\/\/mb-stoeckl.de\/wp-content\/uploads\/2020\/12\/banner_zug-705x202.jpg 705w\" sizes=\"(max-width: 1500px) 100vw, 1500px\" \/><\/div><\/li><li  class='avia-slideshow-slide av-kd20tskb-186fb7dddf496b42440edf04c3942ba8__1  slide-2 slide-even'><div data-rel='slideshow-1' class='avia-slide-wrap '   ><div class='av-slideshow-caption av-kd20tskb-186fb7dddf496b42440edf04c3942ba8__1 caption_fullwidth caption_bottom'><div class=\"container caption_container\"><div class=\"slideshow_caption\"><div class=\"slideshow_inner_caption\"><div class=\"slideshow_align_caption\"><div class='avia-caption-content '  itemprop=\"description\" ><p>Picture: KMW<\/p>\n<\/div><\/div><\/div><\/div><\/div><\/div><img decoding=\"async\" fetchpriority=\"high\" class=\"wp-image-1047 avia-img-lazy-loading-not-1047\"  src=\"https:\/\/mb-stoeckl.de\/wp-content\/uploads\/2020\/07\/KMW-GFF4-Police-4x4-01-1500x430.jpg\" width=\"1500\" height=\"430\" title='KMW-GFF4-Police-4x4-01' alt=''  itemprop=\"thumbnailUrl\"   \/><\/div><\/li><li  class='avia-slideshow-slide av-kd20tskb-186fb7dddf496b42440edf04c3942ba8__2  slide-3 slide-odd'><div data-rel='slideshow-1' class='avia-slide-wrap '   ><div class='av-slideshow-caption av-kd20tskb-186fb7dddf496b42440edf04c3942ba8__2 caption_fullwidth caption_bottom'><div class=\"container caption_container\"><div class=\"slideshow_caption\"><div class=\"slideshow_inner_caption\"><div class=\"slideshow_align_caption\"><div class='avia-caption-content '  itemprop=\"description\" ><p>Picture: KMW<\/p>\n<\/div><\/div><\/div><\/div><\/div><\/div><img decoding=\"async\" fetchpriority=\"high\" class=\"wp-image-1058 avia-img-lazy-loading-not-1058\"  src=\"https:\/\/mb-stoeckl.de\/wp-content\/uploads\/2020\/07\/KMW-BOXER-Ambulanz-01-1500x430.jpg\" width=\"1500\" height=\"430\" title='KMW-BOXER-Ambulanz-01' alt=''  itemprop=\"thumbnailUrl\"   \/><\/div><\/li><\/ul><div class='avia-slideshow-arrows avia-slideshow-controls' ><a href='#prev' class='prev-slide ' aria-hidden='true' data-av_icon='\ue87c' data-av_iconfont='entypo-fontello'  tabindex='-1'>Previous<\/a><a href='#next' class='next-slide ' aria-hidden='true' data-av_icon='\ue87d' data-av_iconfont='entypo-fontello'  tabindex='-1'>Next<\/a><\/div><\/div><\/div><div id='after_full_slider_1'  class='main_color av_default_container_wrap container_wrap sidebar_right'  ><div class='container av-section-cont-open' ><div class='template-page content  av-content-small alpha units'><div class='post-entry post-entry-type-page post-entry-1044'><div class='entry-content-wrapper clearfix'>\n<section  class='av_textblock_section av-kj1owimm-4470505c1119db95c273a8216d7bbdea '   itemscope=\"itemscope\" itemtype=\"https:\/\/schema.org\/CreativeWork\" ><div class='avia_textblock'  itemprop=\"text\" ><h2><b>Premium supplier for rail, special and military vehicles <\/b><\/h2>\n<p>An outstanding feature of St\u00f6ckl Maschinen- und Ger\u00e4tebau GmbH is the cost-optimized production of welding and assembly modules in vehicle construction.<\/p>\n<p>Our assemblies are manufactured for use in the harshest and most severe environmental conditions.<\/p>\n<p>The assemblies manufactured by us are installed in the following types of vehicles:<\/p>\n<ul>\n<li>Rail vehicles<\/li>\n<li>Railroads<\/li>\n<li>Trams<\/li>\n<li>Special vehicles<\/li>\n<li>Personal protection vehicles<\/li>\n<li>Commercial vehicles<\/li>\n<li>Military vehicles<\/li>\n<li>Agricultural machinery<\/li>\n<li>And many more<\/li>\n<\/ul>\n<\/div><\/section>\n","protected":false},"excerpt":{"rendered":"","protected":false},"author":1,"featured_media":0,"parent":972,"menu_order":0,"comment_status":"closed","ping_status":"closed","template":"","meta":{"footnotes":""},"class_list":["post-1044","page","type-page","status-publish","hentry"],"yoast_head":"<!-- This site is optimized with the Yoast SEO plugin v23.2 - https:\/\/yoast.com\/wordpress\/plugins\/seo\/ -->\n<title>Rail, special and military vehicles - St\u00f6ckl Maschinen und Ger\u00e4tebau GmbH<\/title>\n<meta name=\"description\" content=\"St\u00f6ckl \u2013 Maschinen- und Ger\u00e4tebau GmbH ist ihr qualifizierter Spezialist f\u00fcr kundenspezifische Fertigung von Schwei\u00dfbaugruppen, Montagebaugruppen, Blechbearbeitung, Komplexen Metallkonstruktionen, Ger\u00e4tebau und Fahrzeugbau.\" \/>\n<meta name=\"robots\" content=\"index, follow, max-snippet:-1, max-image-preview:large, max-video-preview:-1\" \/>\n<link rel=\"canonical\" href=\"https:\/\/mb-stoeckl.de\/en\/competencies-services\/vehicle-construction\/\" \/>\n<meta property=\"og:locale\" content=\"en_US\" \/>\n<meta property=\"og:type\" content=\"article\" \/>\n<meta property=\"og:title\" content=\"Rail, special and military vehicles - St\u00f6ckl Maschinen und Ger\u00e4tebau GmbH\" \/>\n<meta property=\"og:description\" content=\"St\u00f6ckl \u2013 Maschinen- und Ger\u00e4tebau GmbH ist ihr qualifizierter Spezialist f\u00fcr kundenspezifische Fertigung von Schwei\u00dfbaugruppen, Montagebaugruppen, Blechbearbeitung, Komplexen Metallkonstruktionen, Ger\u00e4tebau und Fahrzeugbau.\" \/>\n<meta property=\"og:url\" content=\"https:\/\/mb-stoeckl.de\/en\/competencies-services\/vehicle-construction\/\" \/>\n<meta property=\"og:site_name\" content=\"St\u00f6ckl Maschinen und Ger\u00e4tebau GmbH\" \/>\n<meta property=\"article:modified_time\" content=\"2021-02-17T06:56:49+00:00\" \/>\n<meta name=\"twitter:card\" content=\"summary_large_image\" \/>\n<meta name=\"twitter:label1\" content=\"Est. reading time\" \/>\n\t<meta name=\"twitter:data1\" content=\"3 minutes\" \/>\n<script type=\"application\/ld+json\" class=\"yoast-schema-graph\">{\"@context\":\"https:\/\/schema.org\",\"@graph\":[{\"@type\":\"WebPage\",\"@id\":\"https:\/\/mb-stoeckl.de\/en\/competencies-services\/vehicle-construction\/\",\"url\":\"https:\/\/mb-stoeckl.de\/en\/competencies-services\/vehicle-construction\/\",\"name\":\"Rail, special and military vehicles - St\u00f6ckl Maschinen und Ger\u00e4tebau GmbH\",\"isPartOf\":{\"@id\":\"https:\/\/mb-stoeckl.de\/en\/#website\"},\"datePublished\":\"2020-12-06T08:44:24+00:00\",\"dateModified\":\"2021-02-17T06:56:49+00:00\",\"description\":\"St\u00f6ckl \u2013 Maschinen- und Ger\u00e4tebau GmbH ist ihr qualifizierter Spezialist f\u00fcr kundenspezifische Fertigung von Schwei\u00dfbaugruppen, Montagebaugruppen, Blechbearbeitung, Komplexen Metallkonstruktionen, Ger\u00e4tebau und Fahrzeugbau.\",\"breadcrumb\":{\"@id\":\"https:\/\/mb-stoeckl.de\/en\/competencies-services\/vehicle-construction\/#breadcrumb\"},\"inLanguage\":\"en-US\",\"potentialAction\":[{\"@type\":\"ReadAction\",\"target\":[\"https:\/\/mb-stoeckl.de\/en\/competencies-services\/vehicle-construction\/\"]}]},{\"@type\":\"BreadcrumbList\",\"@id\":\"https:\/\/mb-stoeckl.de\/en\/competencies-services\/vehicle-construction\/#breadcrumb\",\"itemListElement\":[{\"@type\":\"ListItem\",\"position\":1,\"name\":\"Startseite\",\"item\":\"https:\/\/mb-stoeckl.de\/en\/welcome-to-stoeckl-machine-and-equiment-engineering\/\"},{\"@type\":\"ListItem\",\"position\":2,\"name\":\"Competencies &amp; Services\",\"item\":\"https:\/\/mb-stoeckl.de\/en\/competencies-services\/\"},{\"@type\":\"ListItem\",\"position\":3,\"name\":\"Rail, special and military vehicles\"}]},{\"@type\":\"WebSite\",\"@id\":\"https:\/\/mb-stoeckl.de\/en\/#website\",\"url\":\"https:\/\/mb-stoeckl.de\/en\/\",\"name\":\"St\u00f6ckl Maschinen und Ger\u00e4tebau GmbH\",\"description\":\"Ihr zuverl\u00e4ssiger und best\u00e4ndiger Partner im Bereich Klein- und Serienfertigung sowie im Prototypenbau.Ihr SPezialist \",\"publisher\":{\"@id\":\"https:\/\/mb-stoeckl.de\/en\/#organization\"},\"potentialAction\":[{\"@type\":\"SearchAction\",\"target\":{\"@type\":\"EntryPoint\",\"urlTemplate\":\"https:\/\/mb-stoeckl.de\/en\/?s={search_term_string}\"},\"query-input\":\"required name=search_term_string\"}],\"inLanguage\":\"en-US\"},{\"@type\":\"Organization\",\"@id\":\"https:\/\/mb-stoeckl.de\/en\/#organization\",\"name\":\"St\u00f6ckl \u2013 Maschinen- und Ger\u00e4tebau GmbH\",\"url\":\"https:\/\/mb-stoeckl.de\/en\/\",\"logo\":{\"@type\":\"ImageObject\",\"inLanguage\":\"en-US\",\"@id\":\"https:\/\/mb-stoeckl.de\/en\/#\/schema\/logo\/image\/\",\"url\":\"https:\/\/mb-stoeckl.de\/wp-content\/uploads\/2020\/05\/2020_logo_sto\u0308ckl_v01-1.jpg\",\"contentUrl\":\"https:\/\/mb-stoeckl.de\/wp-content\/uploads\/2020\/05\/2020_logo_sto\u0308ckl_v01-1.jpg\",\"width\":894,\"height\":527,\"caption\":\"St\u00f6ckl \u2013 Maschinen- und Ger\u00e4tebau GmbH\"},\"image\":{\"@id\":\"https:\/\/mb-stoeckl.de\/en\/#\/schema\/logo\/image\/\"}}]}<\/script>\n<!-- \/ Yoast SEO plugin. -->","yoast_head_json":{"title":"Rail, special and military vehicles - St\u00f6ckl Maschinen und Ger\u00e4tebau GmbH","description":"St\u00f6ckl \u2013 Maschinen- und Ger\u00e4tebau GmbH ist ihr qualifizierter Spezialist f\u00fcr kundenspezifische Fertigung von Schwei\u00dfbaugruppen, Montagebaugruppen, Blechbearbeitung, Komplexen Metallkonstruktionen, Ger\u00e4tebau und Fahrzeugbau.","robots":{"index":"index","follow":"follow","max-snippet":"max-snippet:-1","max-image-preview":"max-image-preview:large","max-video-preview":"max-video-preview:-1"},"canonical":"https:\/\/mb-stoeckl.de\/en\/competencies-services\/vehicle-construction\/","og_locale":"en_US","og_type":"article","og_title":"Rail, special and military vehicles - St\u00f6ckl Maschinen und Ger\u00e4tebau GmbH","og_description":"St\u00f6ckl \u2013 Maschinen- und Ger\u00e4tebau GmbH ist ihr qualifizierter Spezialist f\u00fcr kundenspezifische Fertigung von Schwei\u00dfbaugruppen, Montagebaugruppen, Blechbearbeitung, Komplexen Metallkonstruktionen, Ger\u00e4tebau und Fahrzeugbau.","og_url":"https:\/\/mb-stoeckl.de\/en\/competencies-services\/vehicle-construction\/","og_site_name":"St\u00f6ckl Maschinen und Ger\u00e4tebau GmbH","article_modified_time":"2021-02-17T06:56:49+00:00","twitter_card":"summary_large_image","twitter_misc":{"Est. reading time":"3 minutes"},"schema":{"@context":"https:\/\/schema.org","@graph":[{"@type":"WebPage","@id":"https:\/\/mb-stoeckl.de\/en\/competencies-services\/vehicle-construction\/","url":"https:\/\/mb-stoeckl.de\/en\/competencies-services\/vehicle-construction\/","name":"Rail, special and military vehicles - St\u00f6ckl Maschinen und Ger\u00e4tebau GmbH","isPartOf":{"@id":"https:\/\/mb-stoeckl.de\/en\/#website"},"datePublished":"2020-12-06T08:44:24+00:00","dateModified":"2021-02-17T06:56:49+00:00","description":"St\u00f6ckl \u2013 Maschinen- und Ger\u00e4tebau GmbH ist ihr qualifizierter Spezialist f\u00fcr kundenspezifische Fertigung von Schwei\u00dfbaugruppen, Montagebaugruppen, Blechbearbeitung, Komplexen Metallkonstruktionen, Ger\u00e4tebau und Fahrzeugbau.","breadcrumb":{"@id":"https:\/\/mb-stoeckl.de\/en\/competencies-services\/vehicle-construction\/#breadcrumb"},"inLanguage":"en-US","potentialAction":[{"@type":"ReadAction","target":["https:\/\/mb-stoeckl.de\/en\/competencies-services\/vehicle-construction\/"]}]},{"@type":"BreadcrumbList","@id":"https:\/\/mb-stoeckl.de\/en\/competencies-services\/vehicle-construction\/#breadcrumb","itemListElement":[{"@type":"ListItem","position":1,"name":"Startseite","item":"https:\/\/mb-stoeckl.de\/en\/welcome-to-stoeckl-machine-and-equiment-engineering\/"},{"@type":"ListItem","position":2,"name":"Competencies &amp; Services","item":"https:\/\/mb-stoeckl.de\/en\/competencies-services\/"},{"@type":"ListItem","position":3,"name":"Rail, special and military vehicles"}]},{"@type":"WebSite","@id":"https:\/\/mb-stoeckl.de\/en\/#website","url":"https:\/\/mb-stoeckl.de\/en\/","name":"St\u00f6ckl Maschinen und Ger\u00e4tebau GmbH","description":"Ihr zuverl\u00e4ssiger und best\u00e4ndiger Partner im Bereich Klein- und Serienfertigung sowie im Prototypenbau.Ihr SPezialist ","publisher":{"@id":"https:\/\/mb-stoeckl.de\/en\/#organization"},"potentialAction":[{"@type":"SearchAction","target":{"@type":"EntryPoint","urlTemplate":"https:\/\/mb-stoeckl.de\/en\/?s={search_term_string}"},"query-input":"required name=search_term_string"}],"inLanguage":"en-US"},{"@type":"Organization","@id":"https:\/\/mb-stoeckl.de\/en\/#organization","name":"St\u00f6ckl \u2013 Maschinen- und Ger\u00e4tebau GmbH","url":"https:\/\/mb-stoeckl.de\/en\/","logo":{"@type":"ImageObject","inLanguage":"en-US","@id":"https:\/\/mb-stoeckl.de\/en\/#\/schema\/logo\/image\/","url":"https:\/\/mb-stoeckl.de\/wp-content\/uploads\/2020\/05\/2020_logo_sto\u0308ckl_v01-1.jpg","contentUrl":"https:\/\/mb-stoeckl.de\/wp-content\/uploads\/2020\/05\/2020_logo_sto\u0308ckl_v01-1.jpg","width":894,"height":527,"caption":"St\u00f6ckl \u2013 Maschinen- und Ger\u00e4tebau GmbH"},"image":{"@id":"https:\/\/mb-stoeckl.de\/en\/#\/schema\/logo\/image\/"}}]}},"_links":{"self":[{"href":"https:\/\/mb-stoeckl.de\/en\/wp-json\/wp\/v2\/pages\/1044"}],"collection":[{"href":"https:\/\/mb-stoeckl.de\/en\/wp-json\/wp\/v2\/pages"}],"about":[{"href":"https:\/\/mb-stoeckl.de\/en\/wp-json\/wp\/v2\/types\/page"}],"author":[{"embeddable":true,"href":"https:\/\/mb-stoeckl.de\/en\/wp-json\/wp\/v2\/users\/1"}],"replies":[{"embeddable":true,"href":"https:\/\/mb-stoeckl.de\/en\/wp-json\/wp\/v2\/comments?post=1044"}],"version-history":[{"count":42,"href":"https:\/\/mb-stoeckl.de\/en\/wp-json\/wp\/v2\/pages\/1044\/revisions"}],"predecessor-version":[{"id":1543,"href":"https:\/\/mb-stoeckl.de\/en\/wp-json\/wp\/v2\/pages\/1044\/revisions\/1543"}],"up":[{"embeddable":true,"href":"https:\/\/mb-stoeckl.de\/en\/wp-json\/wp\/v2\/pages\/972"}],"wp:attachment":[{"href":"https:\/\/mb-stoeckl.de\/en\/wp-json\/wp\/v2\/media?parent=1044"}],"curies":[{"name":"wp","href":"https:\/\/api.w.org\/{rel}","templated":true}]}}